{"id":743,"date":"2018-05-25T18:40:04","date_gmt":"2018-05-25T18:40:04","guid":{"rendered":"https:\/\/enlazalia.com\/blog\/?page_id=743"},"modified":"2018-10-16T11:28:55","modified_gmt":"2018-10-16T11:28:55","slug":"contacto","status":"publish","type":"page","link":"https:\/\/enlazalia.com\/blog\/contacto\/","title":{"rendered":"Contacto"},"content":{"rendered":"<p>\t<iframe src=\"https:\/\/www.google.com\/maps\/embed\/v1\/place?key=AIzaSyD09zQ9PNDNNy9TadMuzRV_UsPUoWKntt8&#038;q=san+vicente+del+raspeig%2C+alicante\" style=\"border:0;width:100%;height:500px\"><\/iframe><\/p>\n<h3>\n\t\tDirecci\u00f3n<br \/>\n\t<\/h3>\n<p style=\"text-align: center;\">Calle Manuel Soler, 4<\/p>\n<p style=\"text-align: center;\">03440 &#8211; Ibi (Alicante)<\/p>\n<h3>\n\t\tE-mail<br \/>\n\t<\/h3>\n<p style=\"text-align: center;\">hola@enlazalia.com<\/p>\n<h3>\n\t\tHorario<br \/>\n\t<\/h3>\n<p style=\"text-align: center;\">Los enlaces no tienen horario. Haz el pedido y rel\u00e1jate.<\/p>\n<h3>\n\t\tWhatsApp<br \/>\n\t<\/h3>\n<p style=\"text-align: center;\">601 76 48 82<\/p>\n<p style=\"text-align: center;\"><a href=\"https:\/\/api.whatsapp.com\/send?phone=34601764882&amp;text=Hola\">Enviar Mensaje<\/a><\/p>\n<h1>\n\t\t\u00bfTe podemos ayudar en algo?<br \/>\n\t<\/h1>\n<p>Enlazalia te informa que los datos de car\u00e1cter personal que nos proporciones rellenando el presente formulario ser\u00e1n tratados por Miguel \u00c1ngel L\u00f3pez P\u00e9rez como responsable de esta web. La finalidad de la recogida y tratamiento de los datos personales que te solicitamos es para enviarte nuestras publicaciones, promociones de productos y\/o servicios y recursos exclusivos. La legitimaci\u00f3n se realiza a trav\u00e9s del consentimiento del interesado. Te informamos que los datos que nos facilitas estar\u00e1n ubicados en los servidores de Acumbamail (proveedor de email marketing) a trav\u00e9s de su empresa ACUMBAMAIL, S.L., ubicada en Avenida Rey Santo 3D, planta 3, oficina 2 &#8211; 13001 CIUDAD REAL &#8211; CIUDAD REAL..\u00a0<a href=\"https:\/\/acumbamail.com\/public\/privacy-policy\/\" target=\"_blank\" rel=\"noopener\">Ver pol\u00edtica de privacidad de Acumbamail<\/a>. El hecho de que no introduzcas los datos de car\u00e1cter personal que aparecen en el formulario como obligatorios podr\u00e1 tener como consecuencia que no pueda atender tu solicitud. Podr\u00e1s ejercer tus derechos de acceso, rectificaci\u00f3n, limitaci\u00f3n y suprimir los datos en hola@enlazalia.com as\u00ed como el derecho a presentar una reclamaci\u00f3n ante una autoridad de control. Puedes consultar la informaci\u00f3n adicional y detallada sobre Protecci\u00f3n de Datos en nuestra\u00a0<a href=\"https:\/\/enlazalia.com\/blog\/politica-privacidad\/\" target=\"_blank\" rel=\"noopener\">pol\u00edtica de privacidad<\/a>.<\/p>\n","protected":false},"excerpt":{"rendered":"<p>Direcci\u00f3n Calle Manuel Soler, 4 03440 &#8211; Ibi (Alicante) E-mail hola@enlazalia.com Horario Los enlaces no tienen horario. Haz el pedido y rel\u00e1jate. WhatsApp 601 76 48 82 Enviar Mensaje \u00bfTe podemos ayudar en algo? Enlazalia te informa que los datos de car\u00e1cter personal que nos proporciones rellenando el presente formulario ser\u00e1n tratados por Miguel \u00c1ngel&hellip;<\/p>\n","protected":false},"author":1,"featured_media":0,"parent":0,"menu_order":0,"comment_status":"closed","ping_status":"closed","template":"","meta":{"spay_email":""},"yoast_head":"<!-- This site is optimized with the Yoast SEO plugin v16.4 - https:\/\/yoast.com\/wordpress\/plugins\/seo\/ -->\n<title>Contacto - Enlazalia<\/title>\n<meta name=\"robots\" content=\"index, follow, max-snippet:-1, max-image-preview:large, max-video-preview:-1\" \/>\n<link rel=\"canonical\" href=\"https:\/\/enlazalia.com\/blog\/contacto\/\" \/>\n<meta property=\"og:locale\" content=\"es_ES\" \/>\n<meta property=\"og:type\" content=\"article\" \/>\n<meta property=\"og:title\" content=\"Contacto - Enlazalia\" \/>\n<meta property=\"og:description\" content=\"Direcci\u00f3n Calle Manuel Soler, 4 03440 &#8211; Ibi (Alicante) E-mail hola@enlazalia.com Horario Los enlaces no tienen horario. Haz el pedido y rel\u00e1jate. WhatsApp 601 76 48 82 Enviar Mensaje \u00bfTe podemos ayudar en algo? Enlazalia te informa que los datos de car\u00e1cter personal que nos proporciones rellenando el presente formulario ser\u00e1n tratados por Miguel \u00c1ngel&hellip;\" \/>\n<meta property=\"og:url\" content=\"https:\/\/enlazalia.com\/blog\/contacto\/\" \/>\n<meta property=\"og:site_name\" content=\"Enlazalia\" \/>\n<meta property=\"article:modified_time\" content=\"2018-10-16T11:28:55+00:00\" \/>\n<meta name=\"twitter:card\" content=\"summary\" \/>\n<meta name=\"twitter:label1\" content=\"Tiempo de lectura\" \/>\n\t<meta name=\"twitter:data1\" content=\"1 minuto\" \/>\n<script type=\"application\/ld+json\" class=\"yoast-schema-graph\">{\"@context\":\"https:\/\/schema.org\",\"@graph\":[{\"@type\":\"WebSite\",\"@id\":\"https:\/\/enlazalia.com\/blog\/#website\",\"url\":\"https:\/\/enlazalia.com\/blog\/\",\"name\":\"Enlazalia\",\"description\":\"\",\"potentialAction\":[{\"@type\":\"SearchAction\",\"target\":\"https:\/\/enlazalia.com\/blog\/?s={search_term_string}\",\"query-input\":\"required name=search_term_string\"}],\"inLanguage\":\"es\"},{\"@type\":\"WebPage\",\"@id\":\"https:\/\/enlazalia.com\/blog\/contacto\/#webpage\",\"url\":\"https:\/\/enlazalia.com\/blog\/contacto\/\",\"name\":\"Contacto - Enlazalia\",\"isPartOf\":{\"@id\":\"https:\/\/enlazalia.com\/blog\/#website\"},\"datePublished\":\"2018-05-25T18:40:04+00:00\",\"dateModified\":\"2018-10-16T11:28:55+00:00\",\"breadcrumb\":{\"@id\":\"https:\/\/enlazalia.com\/blog\/contacto\/#breadcrumb\"},\"inLanguage\":\"es\",\"potentialAction\":[{\"@type\":\"ReadAction\",\"target\":[\"https:\/\/enlazalia.com\/blog\/contacto\/\"]}]},{\"@type\":\"BreadcrumbList\",\"@id\":\"https:\/\/enlazalia.com\/blog\/contacto\/#breadcrumb\",\"itemListElement\":[{\"@type\":\"ListItem\",\"position\":1,\"item\":{\"@type\":\"WebPage\",\"@id\":\"https:\/\/enlazalia.com\/blog\/\",\"url\":\"https:\/\/enlazalia.com\/blog\/\",\"name\":\"Portada\"}},{\"@type\":\"ListItem\",\"position\":2,\"item\":{\"@id\":\"https:\/\/enlazalia.com\/blog\/contacto\/#webpage\"}}]}]}<\/script>\n<!-- \/ Yoast SEO plugin. -->","jetpack_sharing_enabled":true,"jetpack_shortlink":"https:\/\/wp.me\/P8RjTh-bZ","jetpack-related-posts":[{"id":7,"url":"https:\/\/enlazalia.com\/blog\/inicio\/","url_meta":{"origin":743,"position":0},"title":"Inicio","date":"6 junio, 2017","format":false,"excerpt":"Comprar enlaces nunca fue tan f\u00e1cil Servicio de Linkbuilding Con Enlazalia conseguir\u00e1s comprar enlaces de calidad y ahorrar horas y horas de trabajo en la creaci\u00f3n de esos\u00a0enlaces naturales\u00a0que todo proyecto necesita. Todo el mundo se centra en comprar\u00a0enlaces en peri\u00f3dicos y blogs de mucha autoridad, pero se olvidan de\u2026","rel":"","context":"Entrada similar","img":{"alt_text":"","src":"https:\/\/i0.wp.com\/enlazalia.com\/blog\/wp-content\/uploads\/2018\/05\/community-manager-Valencia.jpg?resize=350%2C200&ssl=1","width":350,"height":200},"classes":[]},{"id":169,"url":"https:\/\/enlazalia.com\/blog\/como-funciona\/","url_meta":{"origin":743,"position":1},"title":"C\u00f3mo funciona","date":"5 agosto, 2017","format":false,"excerpt":"Enlazalia funciona a trav\u00e9s de proyectos. Una vez que estimes los enlaces que necesitar\u00e1s, deber\u00e1s elegir entre unos de nuestros dos packs.\u00a0Podr\u00e1s crear tantos proyectos como quieras siempre que tengas enlaces disponibles para ello. Para contratar nuestros servicios deber\u00e1s disponer de una cuenta de Paypal, ya que el m\u00e9todo de\u2026","rel":"","context":"Entrada similar","img":{"alt_text":"","src":"","width":0,"height":0},"classes":[]},{"id":201,"url":"https:\/\/enlazalia.com\/blog\/politica-privacidad\/","url_meta":{"origin":743,"position":2},"title":"Pol\u00edtica de Privacidad","date":"1 septiembre, 2017","format":false,"excerpt":"Pol\u00edtica de Privacidad Pol\u00edtica de Privacidad de la web https:\/\/enlazalia.com\/blog\/ 1.- RESPONSABLE DEL TRATAMIENTO: Por responsable de tratamiento se entiende la persona f\u00edsica o jur\u00eddica que sola o conjuntamente con otra, determine los fines y medios del tratamiento. El responsable del tratamiento de los datos recabados a trav\u00e9s del sitio\u2026","rel":"","context":"Entrada similar","img":{"alt_text":"","src":"","width":0,"height":0},"classes":[]},{"id":62,"url":"https:\/\/enlazalia.com\/blog\/pack-1\/","url_meta":{"origin":743,"position":3},"title":"Pack 1","date":"8 junio, 2017","format":false,"excerpt":"\u00a0 Pack 1 El pack 1 incluye la creaci\u00f3n de 12 enlaces al mes. Todos los enlaces son creados de manera manual por una persona. Es decir, una persona va a ir creando, mes a mes, 12\u00a0enlaces por ti. Desde nuestra gigantesta base de datos de enlaces de calidad, se\u2026","rel":"","context":"Entrada similar","img":{"alt_text":"pack1v3","src":"https:\/\/i2.wp.com\/enlazalia.com\/blog\/wp-content\/uploads\/2017\/08\/pack1v3.png?resize=350%2C200&ssl=1","width":350,"height":200},"classes":[]},{"id":86,"url":"https:\/\/enlazalia.com\/blog\/pack-2\/","url_meta":{"origin":743,"position":4},"title":"Pack 2","date":"8 junio, 2017","format":false,"excerpt":"Pack\u00a02 El pack 1 incluye la creaci\u00f3n de 25 enlaces al mes + 5 de regalo. Todos los enlaces son creados de manera manual por una persona. Es decir, una persona va a ir creando, mes a mes, 30\u00a0enlaces por ti. Desde nuestra gigantesta base de datos de enlaces de\u2026","rel":"","context":"Entrada similar","img":{"alt_text":"pack2v3","src":"https:\/\/i1.wp.com\/enlazalia.com\/blog\/wp-content\/uploads\/2017\/08\/pack2v3.png?resize=350%2C200&ssl=1","width":350,"height":200},"classes":[]},{"id":216,"url":"https:\/\/enlazalia.com\/blog\/condiciones-contratacion\/","url_meta":{"origin":743,"position":5},"title":"Condiciones de Contrataci\u00f3n","date":"1 septiembre, 2017","format":false,"excerpt":"Condiciones de contrataci\u00f3n Condiciones de contrataci\u00f3n de https:\/\/enlazalia.com\/blog\/ PRIMERA.- Partes del contrato: Las partes del contrato son: De una parte, Miguel \u00c1ngel L\u00f3pez P\u00e9rez, con D.N.I.\/N.I.F. 74.002.662-R, y direcci\u00f3n en C\/ Manuel Soler, 4, 03440 - Ibi (Alicante), con correo electr\u00f3nico de contacto: hola@enlazalia.com (en adelante, ENLAZALIA) en tanto que\u2026","rel":"","context":"Entrada similar","img":{"alt_text":"","src":"","width":0,"height":0},"classes":[]}],"_links":{"self":[{"href":"https:\/\/enlazalia.com\/blog\/wp-json\/wp\/v2\/pages\/743"}],"collection":[{"href":"https:\/\/enlazalia.com\/blog\/wp-json\/wp\/v2\/pages"}],"about":[{"href":"https:\/\/enlazalia.com\/blog\/wp-json\/wp\/v2\/types\/page"}],"author":[{"embeddable":true,"href":"https:\/\/enlazalia.com\/blog\/wp-json\/wp\/v2\/users\/1"}],"replies":[{"embeddable":true,"href":"https:\/\/enlazalia.com\/blog\/wp-json\/wp\/v2\/comments?post=743"}],"version-history":[{"count":0,"href":"https:\/\/enlazalia.com\/blog\/wp-json\/wp\/v2\/pages\/743\/revisions"}],"wp:attachment":[{"href":"https:\/\/enlazalia.com\/blog\/wp-json\/wp\/v2\/media?parent=743"}],"curies":[{"name":"wp","href":"https:\/\/api.w.org\/{rel}","templated":true}]}}