{"id":7,"date":"2017-06-06T21:36:52","date_gmt":"2017-06-06T21:36:52","guid":{"rendered":"https:\/\/enlazalia.com\/blog\/?page_id=7"},"modified":"2019-01-19T13:21:00","modified_gmt":"2019-01-19T13:21:00","slug":"inicio","status":"publish","type":"page","link":"https:\/\/enlazalia.com\/blog\/inicio\/","title":{"rendered":"Inicio"},"content":{"rendered":"<h1>Comprar enlaces nunca fue tan f\u00e1cil<\/h1>\n<h2>Servicio de Linkbuilding<\/h2>\n<p>Con Enlazalia conseguir\u00e1s comprar enlaces de calidad y ahorrar horas y horas de trabajo en la creaci\u00f3n de esos\u00a0enlaces naturales\u00a0que todo proyecto necesita. Todo el mundo se centra en comprar\u00a0enlaces en peri\u00f3dicos y blogs de mucha autoridad, pero se olvidan de otros que tambi\u00e9n son muy importantes y que dotan de naturalidad al perfil de enlaces de tu proyecto. Estos son los gratuitos de creaci\u00f3n manual. Son f\u00e1ciles de conseguir, pero para crearlos se necesitan muchas horas de trabajo. A trav\u00e9s de nuestro servicio podr\u00e1s comprar enlaces de calidad y hechos totalmente a mano.<\/p>\n<p>\t\t\t<a href=\"#Packs\" target=\"_self\" role=\"button\"><br \/>\n\t\t\t\t\t\tVER PACKS DE ENLACES<br \/>\n\t\t\t\t\t<\/a><\/p>\n<p style=\"text-align: center;\"><strong>M\u00e1s de 800 clientes<\/strong><\/p>\n<p style=\"text-align: center;\">ya han confiando en nosotros<\/p>\n<p>\t\t\t\t<img src=\"https:\/\/enlazalia.com\/blog\/wp-content\/uploads\/2017\/06\/enlazalia-por-el-mundo.png\" alt=\"comprar enlaces\" itemprop=\"image\" height=\"250\" width=\"375\"  \/><\/p>\n<p><a name=\"opinion\"><\/a><\/p>\n<h2 style=\"text-align: center;\">Las opiniones sobre nuestro servicio para comprar enlaces<\/h2>\n<p>\t\t\t\t<img src=\"https:\/\/i0.wp.com\/enlazalia.com\/wp-content\/uploads\/2018\/10\/gr_chuiso-e1539601519845.jpg?resize=150%2C150&#038;ssl=1\" alt=\"gr_chuiso\" itemprop=\"image\" height=\"150\" width=\"150\"  \/><\/p>\n<p style=\"text-align: center;\"><strong>Chuiso<\/strong><\/p>\n<blockquote>\n<p>\u00abA pesar de lo que muchos digan, <strong>los enlaces siguen contando, y mucho<\/strong>. Con Enlazalia podr\u00e1s comprar enlaces naturales de calidad que todo proyecto necesita, pero ahorrando horas de trabajo.\u00bb<\/p>\n<\/blockquote>\n<p>\t\t\t\t<img src=\"https:\/\/i1.wp.com\/enlazalia.com\/wp-content\/uploads\/2017\/06\/TUGkJgT_400x400.jpg?resize=150%2C150&#038;ssl=1\" alt=\"_TUGkJgT_400x400\" itemprop=\"image\" height=\"150\" width=\"150\"  \/><\/p>\n<p style=\"text-align: center;\"><strong>Alex Navarro<\/strong><\/p>\n<blockquote>\n<p>\u00abEn Enlazalia saben exactamente donde poner el enlace, con que anchor y a que velocidad.\u00a0 <strong>Comprar enlaces a trav\u00e9s de Enlazalia es un servicio que te quita el trabajo sucio<\/strong> y te deja centrarte en cosas m\u00e1s importantes. 10\/10&#8243;<\/p>\n<\/blockquote>\n<p>\t\t\t\t<img src=\"https:\/\/i0.wp.com\/enlazalia.com\/wp-content\/uploads\/2018\/10\/gr_dean.jpg?resize=150%2C150&#038;ssl=1\" alt=\"gr_dean\" itemprop=\"image\" height=\"150\" width=\"150\"  \/><\/p>\n<p style=\"text-align: center;\"><strong>Dean Romero<\/strong><\/p>\n<blockquote>\n<p>\u00abHe probado Enlazalia para arrancar todos los \u00faltimos nichos que he lanzado y el resultado ha sido realmente bueno. Webs que indexan m\u00e1s r\u00e1pido y que comienzan a traccionar visitas en muy poco tiempo. Comprar enlaces con Enlazalia es el mejor aliado que puedes tener junto con un buen SEO on page de partida, para lanzar al \u00e9xito cualquier proyecto.\u00bb<\/p>\n<\/blockquote>\n<p>\t\t\t<a href=\"#Packs\" target=\"_self\" role=\"button\"><br \/>\n\t\t\t\t\t\tVER PACKS DE ENLACES<br \/>\n\t\t\t\t\t<\/a><br \/>\n\t\t\t\t<img src=\"https:\/\/enlazalia.com\/blog\/wp-content\/uploads\/2017\/06\/teamplatino-creacion-enlaces.png\" alt=\"linkbuilding\" itemprop=\"image\"  \/><\/p>\n<p>Enlazalia ha sido <strong>testeada en la plataforma de formaci\u00f3n Teamplatino<\/strong>, una plataforma donde se forman cientos de personas\u00a0sobre SEO y otras t\u00e9cnicas de captaci\u00f3n de tr\u00e1fico. Todas las personas que ya la han probado est\u00e1n alucinando con los resultados. <strong>Tu tambi\u00e9n puedes comprar enlaces de calidad<\/strong>\u00a0que den un impulso a tu negocio.<\/p>\n<h2 style=\"text-align: center;\">Ahorra horas a la hora de comprar enlaces<\/h2>\n<h3>Comprar enlaces es una tarea tediosa que te puedes ahorrar.<\/h3>\n<p><strong>El linkbuilding m\u00e1s natural\u00a0<\/strong>que puede haber en el mundo es el llevado a cabo a trav\u00e9s de enlaces<strong>\u00a0procedentes de foros, comentarios, blogs 2.0, etc<\/strong>. Los enlaces en\u00a0foros dan se\u00f1ales a Google de que la gente habla de ti en internet, y no solo los medios de comunicaci\u00f3n y los grandes blogs, y los comentarios, hacen ver a los bots que siguen los enlaces, que los due\u00f1os del proyecto est\u00e1n activos en Internet. Comprar enlaces de este tipo puede darte el impulso que necesitas para tu proyecto.<\/p>\n<p>\t<A name=\"Packs\"><\/A><\/p>\n<h4>\n\t\tPacks de Linkbuilding<br \/>\n\t<\/h4>\n<p>\t\t\t\t<img src=\"https:\/\/enlazalia.com\/blog\/wp-content\/uploads\/2017\/06\/pack1-noIVA.png\" alt=\"pack1-noIVA\" itemprop=\"image\" height=\"394\" width=\"500\"  \/><\/p>\n<form name=\"formPay1\" method=\"post\" action=\"https:\/\/privado.enlazalia.com\/redirect_paypal.php\">\n           <label>Acepto las <a href=\"https:\/\/enlazalia.com\/blog\/condiciones-contratacion\/\" rel=\"nofollow\" target=\"_blank\">condiciones de contrataci\u00f3n<\/a> y la <a href=\"https:\/\/enlazalia.com\/blog\/politica-privacidad\/\" rel=\"nofollow\" target=\"_blank\">pol\u00edtica de privacidad<\/a><\/label><br \/>\n           <input style=\"transform: scale(1.3);\" type=\"checkbox\" name=\"legal\" required \/><br \/>\n    <input style=\"width:49%; display:inline-block;\" type=\"email\" required name=\"pack\" value=\"\" placeholder=\"Email\"\/><br \/>\n     <select required  onChange=\"cleanForm(1); return false;\"  name=\"country\"><option value=\"\">Pa\u00eds<\/option><option value=\"1\">Espa\u00f1a<\/option><option value=\"2\">Islas canarias<\/option><option value=\"3\">Fuera de Espa\u00f1a<\/option><\/select><br \/>\n       <select required onChange=\"loadOptions(1); return false;\" name=\"empresa\"><option value=\"\">Situaci\u00f3n<\/option><option value=\"1\">Empresa\/Aut\u00f3nomo<\/option><option value=\"2\">Particular<\/option><\/select><br \/>\n        <input type=\"hidden\" name=\"type\" value=\"1\" \/><br \/>\n             <input type=\"submit\" name=\"comprar\" value=\"Comprar\" \/><br \/>\n<\/form>\n<p>\t\t\t\t<img src=\"https:\/\/enlazalia.com\/blog\/wp-content\/uploads\/2017\/06\/pack2-noIVA.png\" alt=\"pack2-noIVA\" itemprop=\"image\" height=\"394\" width=\"500\"  \/><\/p>\n<form name=\"formPay2\" method=\"post\" action=\"https:\/\/privado.enlazalia.com\/redirect_paypal.php\">\n           <label>Acepto las <a href=\"https:\/\/enlazalia.com\/blog\/condiciones-contratacion\/\" rel=\"nofollow\" target=\"_blank\">condiciones de contrataci\u00f3n<\/a> y la <a href=\"https:\/\/enlazalia.com\/blog\/politica-privacidad\/\" rel=\"nofollow\" target=\"_blank\">pol\u00edtica de privacidad<\/a><\/label><br \/>\n           <input style=\"transform: scale(1.3);\" type=\"checkbox\" name=\"legal\" required \/><br \/>\n    <input style=\"width:49%; display:inline-block;\" type=\"email\" required name=\"pack\" value=\"\" placeholder=\"Email\"\/><br \/>\n     <select required  onChange=\"cleanForm(2); return false;\"  name=\"country\"><option value=\"\">Pa\u00eds<\/option><option value=\"1\">Espa\u00f1a<\/option><option value=\"2\">Islas canarias<\/option><option value=\"3\">Fuera de Espa\u00f1a<\/option><\/select><br \/>\n       <select required onChange=\"loadOptions(2); return false;\" name=\"empresa\"><option value=\"\">Situaci\u00f3n<\/option><option value=\"1\">Empresa\/Aut\u00f3nomo<\/option><option value=\"2\">Particular<\/option><\/select><br \/>\n        <input type=\"hidden\" name=\"type\" value=\"2\" \/><br \/>\n             <input type=\"submit\" name=\"comprar\" value=\"Comprar\" \/><br \/>\n<\/form>\n<p>\t\t\t\t<img src=\"https:\/\/enlazalia.com\/blog\/wp-content\/uploads\/2017\/06\/pack-80v3.png\" alt=\"pack-80v3\" itemprop=\"image\" height=\"394\" width=\"500\"  \/><\/p>\n<form name=\"formPay3\" method=\"post\" action=\"https:\/\/privado.enlazalia.com\/redirect_paypal.php\">\n           <label>Acepto las <a href=\"https:\/\/enlazalia.com\/blog\/condiciones-contratacion\/\" rel=\"nofollow\" target=\"_blank\">condiciones de contrataci\u00f3n<\/a> y la <a href=\"https:\/\/enlazalia.com\/blog\/politica-privacidad\/\" rel=\"nofollow\" target=\"_blank\">pol\u00edtica de privacidad<\/a><\/label><br \/>\n           <input style=\"transform: scale(1.3);\" type=\"checkbox\" name=\"legal\" required \/><br \/>\n    <input style=\"width:49%; display:inline-block;\" type=\"email\" required name=\"pack\" value=\"\" placeholder=\"Email\"\/><br \/>\n     <select required  onChange=\"cleanForm(3); return false;\"  name=\"country\"><option value=\"\">Pa\u00eds<\/option><option value=\"1\">Espa\u00f1a<\/option><option value=\"2\">Islas canarias<\/option><option value=\"3\">Fuera de Espa\u00f1a<\/option><\/select><br \/>\n       <select required onChange=\"loadOptions(3); return false;\" name=\"empresa\"><option value=\"\">Situaci\u00f3n<\/option><option value=\"1\">Empresa\/Aut\u00f3nomo<\/option><option value=\"2\">Particular<\/option><\/select><br \/>\n        <input type=\"hidden\" name=\"type\" value=\"3\" \/><br \/>\n             <input type=\"submit\" name=\"comprar\" value=\"Comprar\" \/><br \/>\n<\/form>\n<p>\t\t\t\t<img src=\"https:\/\/enlazalia.com\/blog\/wp-content\/uploads\/2017\/06\/pack-150v3.png\" alt=\"pack-150v3\" itemprop=\"image\" height=\"394\" width=\"500\"  \/><\/p>\n<form name=\"formPay4\" method=\"post\" action=\"https:\/\/privado.enlazalia.com\/redirect_paypal.php\">\n           <label>Acepto las <a href=\"https:\/\/enlazalia.com\/blog\/condiciones-contratacion\/\" rel=\"nofollow\" target=\"_blank\">condiciones de contrataci\u00f3n<\/a> y la <a href=\"https:\/\/enlazalia.com\/blog\/politica-privacidad\/\" rel=\"nofollow\" target=\"_blank\">pol\u00edtica de privacidad<\/a><\/label><br \/>\n           <input style=\"transform: scale(1.3);\" type=\"checkbox\" name=\"legal\" required \/><br \/>\n    <input style=\"width:49%; display:inline-block;\" type=\"email\" required name=\"pack\" value=\"\" placeholder=\"Email\"\/><br \/>\n     <select required  onChange=\"cleanForm(4); return false;\"  name=\"country\"><option value=\"\">Pa\u00eds<\/option><option value=\"1\">Espa\u00f1a<\/option><option value=\"2\">Islas canarias<\/option><option value=\"3\">Fuera de Espa\u00f1a<\/option><\/select><br \/>\n       <select required onChange=\"loadOptions(4); return false;\" name=\"empresa\"><option value=\"\">Situaci\u00f3n<\/option><option value=\"1\">Empresa\/Aut\u00f3nomo<\/option><option value=\"2\">Particular<\/option><\/select><br \/>\n        <input type=\"hidden\" name=\"type\" value=\"4\" \/><br \/>\n             <input type=\"submit\" name=\"comprar\" value=\"Comprar\" \/><br \/>\n<\/form>\n<h4>\n\t\t\u00bfNecesitas un pack a medida?<br \/>\n\t<\/h4>\n<p>\t\t\t<a href=\"https:\/\/enlazalia.com\/blog\/contacto\/\" target=\"_self\" role=\"button\" rel=\"nofollow\"><br \/>\n\t\t\t\t\t\t\t\u00a1Cont\u00e1ctanos!<br \/>\n\t\t\t\t\t<\/a><\/p>\n<p>Enlazalia te informa que los datos de car\u00e1cter personal que nos proporciones rellenando el presente formulario ser\u00e1n tratados por Miguel \u00c1ngel L\u00f3pez P\u00e9rez como responsable de esta web. La finalidad de la recogida y tratamiento de los datos personales que te solicitamos es para enviarte nuestras publicaciones, promociones de productos y\/o servicios y recursos exclusivos. La legitimaci\u00f3n se realiza a trav\u00e9s del consentimiento del interesado. Te informamos que los datos que nos facilitas estar\u00e1n ubicados en los servidores de Acumbamail (proveedor de email marketing) a trav\u00e9s de su empresa ACUMBAMAIL, S.L., ubicada en Avenida Rey Santo 3D, planta 3, oficina 2 &#8211; 13001 CIUDAD REAL &#8211; CIUDAD REAL..\u00a0<a href=\"https:\/\/acumbamail.com\/public\/privacy-policy\/\" target=\"_blank\" rel=\"noopener\">Ver pol\u00edtica de privacidad de Acumbamail<\/a>. El hecho de que no introduzcas los datos de car\u00e1cter personal que aparecen en el formulario como obligatorios podr\u00e1 tener como consecuencia que no pueda atender tu solicitud. Podr\u00e1s ejercer tus derechos de acceso, rectificaci\u00f3n, limitaci\u00f3n y suprimir los datos en hola@enlazalia.com as\u00ed como el derecho a presentar una reclamaci\u00f3n ante una autoridad de control. Puedes consultar la informaci\u00f3n adicional y detallada sobre Protecci\u00f3n de Datos en nuestra\u00a0<a href=\"https:\/\/enlazalia.com\/blog\/politica-privacidad\/\" target=\"_blank\" rel=\"noopener\">pol\u00edtica de privacidad<\/a>.<\/p>\n<p><a name=\"opinion\"><\/a><\/p>\n<h3 style=\"text-align: center;\">M\u00e1s opiniones sobre el servicio de comprar enlaces de Enlazalia<\/h3>\n<p>\t\t\t\t<img src=\"https:\/\/enlazalia.com\/blog\/wp-content\/uploads\/2017\/06\/12243390_10205303568057085_6203775240535569812_n.jpg\" alt=\"12243390_10205303568057085_6203775240535569812_n\" itemprop=\"image\"  \/><\/p>\n<blockquote>\n<p>\u00ab<strong>Mucha gente no se para a dedicarle el tiempo necesario a los enlaces naturales<\/strong>. Son los grandes olvidados, pero son necesarios, y en Enlazalia me han ayudado a ahorrarme un tiempo enorme a la hora de comprar enlaces.\u00bb<\/p>\n<\/blockquote>\n<p>Alex Mateo\u00a0&#8211;\u00a0Agencia Sisube<\/p>\n<p>\t\t\t\t<img src=\"https:\/\/enlazalia.com\/blog\/wp-content\/uploads\/2017\/06\/Mario-Armenta-Publisuites.jpg\" alt=\"Mario-Armenta-Publisuites\" itemprop=\"image\"  \/><\/p>\n<blockquote>\n<p>\u00ab<strong>El mejor perfil de enlaces debe contener todo tipo de enlaces<\/strong>, incluidos los naturales, como foros, comentarios y directorios. Esto es lo que hace Enlazalia genial y en Publisuites lo recomendamos para acompa\u00f1ar los enlaces m\u00e1s potentes de blogs y prensa. Comprar este tipo de enlaces es necesario.\u00bb<\/p>\n<\/blockquote>\n<p>Mario Armenta &#8211; CEO en Publisuites<\/p>\n<p>\t\t\t\t<img src=\"https:\/\/enlazalia.com\/blog\/wp-content\/uploads\/2017\/06\/2014-08-06-10.21.04-300x300.jpg\" alt=\"2014-08-06 10.21.04\" itemprop=\"image\"  \/><\/p>\n<blockquote>\n<p>\u00abUn enlace, si est\u00e1 bien construido, es un enlace. Lo importante en Enlazalia es que tiene personas como Miguel \u00c1ngel y su equipo, dispuestas a darte el mejor servicio, responder dudas o mejorar tu propuesta a cualquier hora, d\u00eda y de forma inmediata.\u201d<\/p>\n<\/blockquote>\n<p>Andr\u00e9s Toledo \u2013 CEO Bartyapp.com<\/p>\n<p>\t\t\t\t<img src=\"https:\/\/enlazalia.com\/blog\/wp-content\/uploads\/2017\/06\/javier_camacho.jpg\" alt=\"javier_camacho\" itemprop=\"image\" height=\"150\" width=\"150\"  \/><\/p>\n<blockquote>\n<p>\u00abCuando veo a una empresa que s\u00f3lo tiene opiniones positivas, desconf\u00edo. Pero en el caso de Enlazalia, no tengo m\u00e1s que buenas palabras.\u00a0<strong>Un servicio excepcional y un soporte que ya quisieran las grandes empresas<\/strong>. Acabo de aumentar mi pack y espero estar mucho tiempo con ellos.\u00bb<\/p>\n<\/blockquote>\n<p>Javier Camacho\u00a0&#8211; SEOdiez.com<\/p>\n<p>\t\t\t\t<img src=\"https:\/\/enlazalia.com\/blog\/wp-content\/uploads\/2018\/05\/community-manager-Valencia.jpg\" alt=\"community-manager-Valencia\" itemprop=\"image\" height=\"534\" width=\"534\"  \/><\/p>\n<blockquote>\n<p>\u00abDesde que contrat\u00e9 Enlazalia, las visitas a una web de un sector con mucha competencia en SEO han aumentado en un 150%. El link building, bien hecho, s\u00ed funciona\u201d<\/p>\n<\/blockquote>\n<p>Carlos Carbellido &#8211; Consultor SEO<\/p>\n","protected":false},"excerpt":{"rendered":"<p>Comprar enlaces nunca fue tan f\u00e1cil Servicio de Linkbuilding Con Enlazalia conseguir\u00e1s comprar enlaces de calidad y ahorrar horas y horas de trabajo en la creaci\u00f3n de esos\u00a0enlaces naturales\u00a0que todo proyecto necesita. Todo el mundo se centra en comprar\u00a0enlaces en peri\u00f3dicos y blogs de mucha autoridad, pero se olvidan de otros que tambi\u00e9n son muy&hellip;<\/p>\n","protected":false},"author":1,"featured_media":0,"parent":0,"menu_order":0,"comment_status":"closed","ping_status":"closed","template":"","meta":{"spay_email":""},"yoast_head":"<!-- This site is optimized with the Yoast SEO plugin v16.4 - https:\/\/yoast.com\/wordpress\/plugins\/seo\/ -->\n<title>\u25b7 \ud835\udc02\ud835\udc28\ud835\udc26\ud835\udc29\ud835\udc2b\ud835\udc1a\ud835\udc2b \ud835\udc04\ud835\udc27\ud835\udc25\ud835\udc1a\ud835\udc1c\ud835\udc1e\ud835\udc2c \ud835\udc1d\ud835\udc1e\ud835\udc2c\ud835\udc1d\ud835\udc1e \ud835\udfd1\ud835\udfd7,\ud835\udfd7\ud835\udfd3\u20ac \ud835\udc1a\ud835\udc25 \ud835\udc26\ud835\udc1e\ud835\udc2c | \ud83e\udd47Enlazalia \u00ae<\/title>\n<meta name=\"description\" content=\"\u2705 Ahorra tiempo y dinero en tu Estrategia de Linkbuilding. Comprar enlaces nunca ha sido tan f\u00e1cil. Obt\u00e9n ya los Backlinks Naturales \u267b\ufe0f y de calidad que necesitas. Conoce m\u00e1s detalles.?\" \/>\n<meta name=\"robots\" content=\"index, follow, max-snippet:-1, max-image-preview:large, max-video-preview:-1\" \/>\n<link rel=\"canonical\" href=\"https:\/\/enlazalia.com\/blog\/inicio\/\" \/>\n<meta property=\"og:locale\" content=\"es_ES\" \/>\n<meta property=\"og:type\" content=\"article\" \/>\n<meta property=\"og:title\" content=\"Enlazalia \u00ae | El servicio de linkbuilding que estabas esperando\" \/>\n<meta property=\"og:description\" content=\"Enlazalia te ofrece el servicio de crearte esos enlaces gratuitos que todo proyecto necesita pero que nadie tiene tiempo de crear.\" \/>\n<meta property=\"og:url\" content=\"https:\/\/enlazalia.com\/blog\/inicio\/\" \/>\n<meta property=\"og:site_name\" content=\"Enlazalia\" \/>\n<meta property=\"article:modified_time\" content=\"2019-01-19T13:21:00+00:00\" \/>\n<meta property=\"og:image\" content=\"https:\/\/enlazalia.com\/blog\/wp-content\/uploads\/2017\/06\/opengraf-facebook.png\" \/>\n\t<meta property=\"og:image:width\" content=\"1200\" \/>\n\t<meta property=\"og:image:height\" content=\"630\" \/>\n<meta name=\"twitter:card\" content=\"summary\" \/>\n<meta name=\"twitter:title\" content=\"Enlazalia \u00ae | El servicio de linkbuilding que estabas esperando\" \/>\n<meta name=\"twitter:description\" content=\"Enlazalia te ofrece el servicio de crearte esos enlaces gratuitos que todo proyecto necesita pero que nadie tiene tiempo de crear.\" \/>\n<meta name=\"twitter:image\" content=\"https:\/\/enlazalia.com\/blog\/wp-content\/uploads\/2017\/06\/opengraf-twitter.png\" \/>\n<meta name=\"twitter:label1\" content=\"Tiempo de lectura\" \/>\n\t<meta name=\"twitter:data1\" content=\"5 minutos\" \/>\n<script type=\"application\/ld+json\" class=\"yoast-schema-graph\">{\"@context\":\"https:\/\/schema.org\",\"@graph\":[{\"@type\":\"WebSite\",\"@id\":\"https:\/\/enlazalia.com\/blog\/#website\",\"url\":\"https:\/\/enlazalia.com\/blog\/\",\"name\":\"Enlazalia\",\"description\":\"\",\"potentialAction\":[{\"@type\":\"SearchAction\",\"target\":\"https:\/\/enlazalia.com\/blog\/?s={search_term_string}\",\"query-input\":\"required name=search_term_string\"}],\"inLanguage\":\"es\"},{\"@type\":\"ImageObject\",\"@id\":\"https:\/\/enlazalia.com\/blog\/inicio\/#primaryimage\",\"inLanguage\":\"es\",\"url\":\"https:\/\/enlazalia.com\/blog\/wp-content\/uploads\/2017\/06\/opengraf-facebook.png\",\"contentUrl\":\"https:\/\/enlazalia.com\/blog\/wp-content\/uploads\/2017\/06\/opengraf-facebook.png\",\"width\":1200,\"height\":630},{\"@type\":\"WebPage\",\"@id\":\"https:\/\/enlazalia.com\/blog\/inicio\/#webpage\",\"url\":\"https:\/\/enlazalia.com\/blog\/inicio\/\",\"name\":\"\\u25b7 \\ud835\\udc02\\ud835\\udc28\\ud835\\udc26\\ud835\\udc29\\ud835\\udc2b\\ud835\\udc1a\\ud835\\udc2b \\ud835\\udc04\\ud835\\udc27\\ud835\\udc25\\ud835\\udc1a\\ud835\\udc1c\\ud835\\udc1e\\ud835\\udc2c \\ud835\\udc1d\\ud835\\udc1e\\ud835\\udc2c\\ud835\\udc1d\\ud835\\udc1e \\ud835\\udfd1\\ud835\\udfd7,\\ud835\\udfd7\\ud835\\udfd3\\u20ac \\ud835\\udc1a\\ud835\\udc25 \\ud835\\udc26\\ud835\\udc1e\\ud835\\udc2c | \\ud83e\\udd47Enlazalia \\u00ae\",\"isPartOf\":{\"@id\":\"https:\/\/enlazalia.com\/blog\/#website\"},\"primaryImageOfPage\":{\"@id\":\"https:\/\/enlazalia.com\/blog\/inicio\/#primaryimage\"},\"datePublished\":\"2017-06-06T21:36:52+00:00\",\"dateModified\":\"2019-01-19T13:21:00+00:00\",\"description\":\"\\u2705 Ahorra tiempo y dinero en tu Estrategia de Linkbuilding. Comprar enlaces nunca ha sido tan f\\u00e1cil. Obt\\u00e9n ya los Backlinks Naturales \\u267b\\ufe0f y de calidad que necesitas. Conoce m\\u00e1s detalles.?\",\"breadcrumb\":{\"@id\":\"https:\/\/enlazalia.com\/blog\/inicio\/#breadcrumb\"},\"inLanguage\":\"es\",\"potentialAction\":[{\"@type\":\"ReadAction\",\"target\":[\"https:\/\/enlazalia.com\/blog\/inicio\/\"]}]},{\"@type\":\"BreadcrumbList\",\"@id\":\"https:\/\/enlazalia.com\/blog\/inicio\/#breadcrumb\",\"itemListElement\":[{\"@type\":\"ListItem\",\"position\":1,\"item\":{\"@type\":\"WebPage\",\"@id\":\"https:\/\/enlazalia.com\/blog\/\",\"url\":\"https:\/\/enlazalia.com\/blog\/\",\"name\":\"Portada\"}},{\"@type\":\"ListItem\",\"position\":2,\"item\":{\"@id\":\"https:\/\/enlazalia.com\/blog\/inicio\/#webpage\"}}]}]}<\/script>\n<!-- \/ Yoast SEO plugin. -->","jetpack_sharing_enabled":true,"jetpack_shortlink":"https:\/\/wp.me\/P8RjTh-7","jetpack-related-posts":[{"id":726,"url":"https:\/\/enlazalia.com\/blog\/inicio-2-2\/","url_meta":{"origin":7,"position":0},"title":"Inicio-promo","date":"23 mayo, 2018","format":false,"excerpt":"Servicio de Linkbuilding Comprar enlaces nunca fue tan f\u00e1cil Con Enlazalia conseguir\u00e1s ahorrar horas y horas de trabajo en la creaci\u00f3n de esos\u00a0enlaces naturales\u00a0que todo proyecto necesita. Todo el mundo se centra en comprar\u00a0enlaces en peri\u00f3dicos y blogs de mucha autoridad, pero se olvidan de otros que tambi\u00e9n son muy\u2026","rel":"","context":"Entrada similar","img":{"alt_text":"enlazalia-por-el-mundo","src":"https:\/\/i1.wp.com\/enlazalia.com\/blog\/wp-content\/uploads\/2017\/06\/enlazalia-por-el-mundo.png?resize=350%2C200&ssl=1","width":350,"height":200},"classes":[]},{"id":62,"url":"https:\/\/enlazalia.com\/blog\/pack-1\/","url_meta":{"origin":7,"position":1},"title":"Pack 1","date":"8 junio, 2017","format":false,"excerpt":"\u00a0 Pack 1 El pack 1 incluye la creaci\u00f3n de 12 enlaces al mes. Todos los enlaces son creados de manera manual por una persona. Es decir, una persona va a ir creando, mes a mes, 12\u00a0enlaces por ti. Desde nuestra gigantesta base de datos de enlaces de calidad, se\u2026","rel":"","context":"Entrada similar","img":{"alt_text":"pack1v3","src":"https:\/\/i2.wp.com\/enlazalia.com\/blog\/wp-content\/uploads\/2017\/08\/pack1v3.png?resize=350%2C200&ssl=1","width":350,"height":200},"classes":[]},{"id":86,"url":"https:\/\/enlazalia.com\/blog\/pack-2\/","url_meta":{"origin":7,"position":2},"title":"Pack 2","date":"8 junio, 2017","format":false,"excerpt":"Pack\u00a02 El pack 1 incluye la creaci\u00f3n de 25 enlaces al mes + 5 de regalo. Todos los enlaces son creados de manera manual por una persona. Es decir, una persona va a ir creando, mes a mes, 30\u00a0enlaces por ti. Desde nuestra gigantesta base de datos de enlaces de\u2026","rel":"","context":"Entrada similar","img":{"alt_text":"pack2v3","src":"https:\/\/i1.wp.com\/enlazalia.com\/blog\/wp-content\/uploads\/2017\/08\/pack2v3.png?resize=350%2C200&ssl=1","width":350,"height":200},"classes":[]},{"id":169,"url":"https:\/\/enlazalia.com\/blog\/como-funciona\/","url_meta":{"origin":7,"position":3},"title":"C\u00f3mo funciona","date":"5 agosto, 2017","format":false,"excerpt":"Enlazalia funciona a trav\u00e9s de proyectos. Una vez que estimes los enlaces que necesitar\u00e1s, deber\u00e1s elegir entre unos de nuestros dos packs.\u00a0Podr\u00e1s crear tantos proyectos como quieras siempre que tengas enlaces disponibles para ello. Para contratar nuestros servicios deber\u00e1s disponer de una cuenta de Paypal, ya que el m\u00e9todo de\u2026","rel":"","context":"Entrada similar","img":{"alt_text":"","src":"","width":0,"height":0},"classes":[]},{"id":216,"url":"https:\/\/enlazalia.com\/blog\/condiciones-contratacion\/","url_meta":{"origin":7,"position":4},"title":"Condiciones de Contrataci\u00f3n","date":"1 septiembre, 2017","format":false,"excerpt":"Condiciones de contrataci\u00f3n Condiciones de contrataci\u00f3n de https:\/\/enlazalia.com\/blog\/ PRIMERA.- Partes del contrato: Las partes del contrato son: De una parte, Miguel \u00c1ngel L\u00f3pez P\u00e9rez, con D.N.I.\/N.I.F. 74.002.662-R, y direcci\u00f3n en C\/ Manuel Soler, 4, 03440 - Ibi (Alicante), con correo electr\u00f3nico de contacto: hola@enlazalia.com (en adelante, ENLAZALIA) en tanto que\u2026","rel":"","context":"Entrada similar","img":{"alt_text":"","src":"","width":0,"height":0},"classes":[]},{"id":857,"url":"https:\/\/enlazalia.com\/blog\/colibris\/","url_meta":{"origin":7,"position":5},"title":"colibris","date":"3 enero, 2019","format":false,"excerpt":"Pack 45 Enlaces -\u00a0119.95\u20ac + IVA Acepto las condiciones de contrataci\u00f3n y la pol\u00edtica de privacidad Pa\u00eds Espa\u00f1a Islas canarias Fuera de Espa\u00f1a Situaci\u00f3n Empresa\/Aut\u00f3nomo Particular","rel":"","context":"Entrada similar","img":{"alt_text":"","src":"","width":0,"height":0},"classes":[]}],"_links":{"self":[{"href":"https:\/\/enlazalia.com\/blog\/wp-json\/wp\/v2\/pages\/7"}],"collection":[{"href":"https:\/\/enlazalia.com\/blog\/wp-json\/wp\/v2\/pages"}],"about":[{"href":"https:\/\/enlazalia.com\/blog\/wp-json\/wp\/v2\/types\/page"}],"author":[{"embeddable":true,"href":"https:\/\/enlazalia.com\/blog\/wp-json\/wp\/v2\/users\/1"}],"replies":[{"embeddable":true,"href":"https:\/\/enlazalia.com\/blog\/wp-json\/wp\/v2\/comments?post=7"}],"version-history":[{"count":0,"href":"https:\/\/enlazalia.com\/blog\/wp-json\/wp\/v2\/pages\/7\/revisions"}],"wp:attachment":[{"href":"https:\/\/enlazalia.com\/blog\/wp-json\/wp\/v2\/media?parent=7"}],"curies":[{"name":"wp","href":"https:\/\/api.w.org\/{rel}","templated":true}]}}