{"id":213,"date":"2017-09-01T19:38:27","date_gmt":"2017-09-01T19:38:27","guid":{"rendered":"https:\/\/enlazalia.com\/blog\/?page_id=213"},"modified":"2017-09-01T21:56:35","modified_gmt":"2017-09-01T21:56:35","slug":"terminos-de-uso","status":"publish","type":"page","link":"https:\/\/enlazalia.com\/blog\/terminos-de-uso\/","title":{"rendered":"T\u00e9rminos de Uso"},"content":{"rendered":"<h3>\n\t\tT\u00e9rminos de uso<br \/>\n\t<\/h3>\n<p>T\u00e9rminos de uso de <a href=\"https:\/\/enlazalia.com\/blog\/\">https:\/\/enlazalia.com\/blog\/<\/a><\/p>\n<ol>\n<li><strong> Informaci\u00f3n general: <\/strong>El titular del dominio y de la p\u00e1gina web <a href=\"https:\/\/enlazalia.com\/blog\/\">https:\/\/enlazalia.com\/blog\/<\/a> , as\u00ed como de todos los subdominios y directorios incluidos en la misma (en adelante, conjuntamente denominados como la \u201cWeb\u201d o el \u201cSitio Web\u201d, indistintamente), es Miguel \u00c1ngel L\u00f3pez P\u00e9rez, con D.N.I.\/N.I.F. 74.002.662-R, y direcci\u00f3n postal en Calle Manuel Soler, 4, 03440 &#8211; Ibi (Alicante). En adelante, ENLAZALIA. Adem\u00e1s, puedes ponerte en contacto con nosotros por correo electr\u00f3nico, en el e-mail: <a href=\"mailto:hola@enlazalia.com\">hola@enlazalia.com<\/a><\/li>\n<li><strong> Utilizaci\u00f3n de la Web:<\/strong><\/li>\n<\/ol>\n<p><strong>2.1. Acceso y uso responsable: <\/strong>Puedes acceder a la Web de manera libre y gratuita, pero dicho acceso y su posterior uso est\u00e1n sujetos a los presentes t\u00e9rminos de uso. El tratamiento de los datos que nos proporciones estar\u00e1n sujetos a nuestra <a href=\"https:\/\/enlazalia.com\/blog\/politica-privacidad\/\"><u>pol\u00edtica de privacidad<\/u><\/a>, y en caso de que decidas contratar alguno de nuestros servicios, deber\u00e1 leer y, en caso de estar conforme, nuestras <a href=\"https:\/\/enlazalia.com\/blog\/condiciones-contratacion\/\"><u>condiciones de contrataci\u00f3n<\/u><\/a>.<\/p>\n<p>Declaras ser mayor de edad y estar facultado de la capacidad legal suficiente para vincularte a los presentes t\u00e9rminos, aceptando de forma expresa y sin excepciones que el acceso y uso de la Web, de sus servicios y contenidos se realiza bajo tu exclusiva responsabilidad.<\/p>\n<p>Si no estuvieras de acuerdo con el contenido de los presentes t\u00e9rminos de uso, debes abandonar la Web, no pudiendo disfrutar de los servicios y\/o contenidos que la misma ofrece.<\/p>\n<p>Como usuario del Sitio Web, te obligas en todo momento a hacer un uso adecuado de los recursos del mismo, conforme a lo previsto en los presentes t\u00e9rminos, la moral, el orden p\u00fablico, las buenas costumbres y la legalidad vigente, sin perjudicar ni da\u00f1ar a los titulares del Sitio Web ni a ning\u00fan tercero, por lo que te comprometes a no utilizar los contenidos, servicios y\/o funcionalidades que ofrece la Web, para incurrir en actividades il\u00edcitas, ilegales, contrarias a la buena fe o al orden p\u00fablico; provocar da\u00f1os en los sistemas f\u00edsicos y l\u00f3gicos de ENLAZALIA, de sus proveedores o de terceras personas, introducir o difundir en la red virus inform\u00e1ticos o cualesquiera otros sistemas f\u00edsicos o l\u00f3gicos que sean susceptibles de provocar los da\u00f1os anteriormente mencionados.<\/p>\n<p>En el caso de que en alguna de las p\u00e1ginas del Sito Web te permita participar mediante la realizaci\u00f3n de comentarios o la generaci\u00f3n de contenidos, queda absolutamente prohibido difundir contenidos o propaganda de car\u00e1cter il\u00edcito, racista, xen\u00f3fobo, de apolog\u00eda del terrorismo, atentatorio contra los derechos humanos, o que inciten al odio, vulneren la dignidad de la persona, de car\u00e1cter injurioso o calumnioso o contra el orden o la seguridad p\u00fablica. ENLAZALIA se reserva el derecho de retirar todos aquellos comentarios y\/o contenidos, que incumplan lo anteriormente expuesto o que, a su juicio, no resultaran adecuados para su publicaci\u00f3n en el Sitio Web.<\/p>\n<p>En cualquier caso, ENLAZALIA no ser\u00e1 responsable de las opiniones vertidas por los usuarios a trav\u00e9s de los foros, chats, blog u otras herramientas de participaci\u00f3n que puedan crearse, salvo en lo expresamente previsto por la normativa de aplicaci\u00f3n.<\/p>\n<p>En el caso de que facilites datos personales, los mismos deber\u00e1n ser exactos, completos, veraces, actualizados y ser\u00e1n procesados y tratados en cumplimiento de la legislaci\u00f3n vigente en materia de protecci\u00f3n de datos personales. ENLAZALIA se reserva el derecho de declinar cualquier solicitud de registro de cualquier usuario, en el caso de que tales datos incumplan tales requisitos.<\/p>\n<p><strong>2.2. Cuenta de usuario:<\/strong> En la Web se proporciona la posibilidad de crear una cuenta de usuario.<\/p>\n<p>Para crear una cuenta de usuario de ENLAZALIA es imprescindible, estar dado de alta y disponer de una cuenta cliente en PayPal. Para crear tu cuenta cliente en PayPal, puedes obtener m\u00e1s informaci\u00f3n aqu\u00ed:<\/p>\n<p><a href=\"https:\/\/www.paypal.com\/es\/webapps\/mpp\/home\">https:\/\/www.paypal.com\/es\/webapps\/mpp\/home<\/a>.<\/p>\n<p>Para disponer de una cuenta de usuario, debes contratar alguno de los servicios que se ofertan en la Web.<\/p>\n<p>Para contratar los servicios de la web, debes ostentar la condici\u00f3n de persona f\u00edsica o jur\u00eddica que desarrolle una actividad profesional y\/o empresarial interesada en la contrataci\u00f3n de los servicios ofertados en la Web, y que act\u00faes en tu propio nombre o en nombre de otra persona f\u00edsica o jur\u00eddica, siguiendo sus instrucciones, pero siempre con un prop\u00f3sito relacionado con la actividad comercial, empresarial, oficio o profesi\u00f3n del contratante. No ser\u00e1 por tanto de aplicaci\u00f3n al presente contrato el Real Decreto Legislativo 1\/2007, de 16 de noviembre, por el que se aprueba el texto refundido de la Ley General para la Defensa de los Consumidores y Usuarios (TRLGDCU), por no tener los contratantes del servicio la consideraci\u00f3n de consumidor o usuario.<\/p>\n<p>Si cumples con los anteriores requisitos, podr\u00e1s contratar alguno de los servicios de suscripci\u00f3n mensual de ENLAZALIA, conforme a lo establecido en las condiciones de contrataci\u00f3n.<\/p>\n<p><strong>2.4. Contenidos: <\/strong>A trav\u00e9s del Sitio Web corporativo de ENLAZALIA, ofertamos nuestros servicios de Linkbuilding.<\/p>\n<p>Si lo deseas puede contactar con nosotros a trav\u00e9s de la pesta\u00f1a \u201cCONTACTO\u201d, para resolver sus dudas en relaci\u00f3n con nuestros servicios, facilit\u00e1ndonos los datos que se solicitan en el formulario dispuesto al efecto y una vez que haya le\u00eddo y, en caso de estar conforme, aceptado la pol\u00edtica de privacidad.<\/p>\n<p><strong>3.- Responsabilidad:<\/strong><\/p>\n<p><strong>3.1. Funcionamiento de la Web: <\/strong>ENLAZALIA no puede garantizar que no se produzcan interrupciones o errores en el acceso al Sitio Web. No obstante, existe el firme compromiso, tan pronto tenga conocimiento de tales incidencias, de llevar a cabo todas las actuaciones dirigidas a su restablecimiento o reparaci\u00f3n, salvo la concurrencia de causas que lo imposibiliten o dificulten su ejecuci\u00f3n.<\/p>\n<p><strong>3.2. Contenidos de terceros y virus:<\/strong> ENLAZALIA no asume responsabilidad alguna de los contenidos, opiniones, informaciones de terceros y\/o servicios enlazados desde la Web ajenos a la misma, ni garantiza la ausencia de virus u otros elementos en tales contenidos que puedan provocar alteraciones en los sistemas f\u00edsicos (<em>hardware)<\/em> y l\u00f3gicos (<em>Software<\/em>) del usuario, o a los documentos o ficheros almacenados en su sistema, como consecuencia de la presencia de virus en el ordenador del usuario que sea utilizado para la conexi\u00f3n a los servicios y contenidos del Sitio Web o del uso de versiones no actualizadas de un navegador o de un mal funcionamiento del mismo.<\/p>\n<p><strong>4.- Propiedad Intelectual e Industrial: <\/strong><\/p>\n<p><strong>4.1. Contenidos del Sitio Web: <\/strong>La totalidad de los elementos y\/o contenidos que aparecen publicados en el Sitio Web han sido creados por ENLAZALIA o la misma dispone de una licencia o autorizaci\u00f3n para su utilizaci\u00f3n, lo que ha supuesto un esfuerzo intelectual y\/o econ\u00f3mico asumido \u00edntegramente por ENLAZALIA.<\/p>\n<p>Por tanto, todos esos elementos y\/o contenidos, tales como\u00a0 im\u00e1genes, audio, v\u00eddeo, software o textos; marcas o logotipos, combinaciones de colores, estructura y dise\u00f1o, aplicaciones necesarias para su funcionamiento, acceso y uso, etc., y los derechos que se pueden ostentar sobre los mismos, son de titularidad exclusiva de ENLAZALIA, quedando expresamente prohibidas la reproducci\u00f3n, la distribuci\u00f3n, la comunicaci\u00f3n p\u00fablica- incluida su modalidad de puesta a disposici\u00f3n &#8211; y la transformaci\u00f3n, de la totalidad o parte de los contenidos del Sitio Web, en cualquier soporte y por cualquier medio t\u00e9cnico, sin la previa autorizaci\u00f3n expresa y por escrito de ENLAZALIA.<\/p>\n<p>En caso contrario, se estar\u00e1n vulnerando esos derechos exclusivos de propiedad intelectual o industrial que le corresponden a ENLAZALIA. Por tanto, el usuario se compromete a\u00a0 respetar tales derechos, absteni\u00e9ndote de suprimir, alterar, eludir o manipular cualquier dispositivo de protecci\u00f3n o sistema de seguridad que estuviera instalado en las p\u00e1ginas de ENLAZALIA.<\/p>\n<p><strong>4.2. Contenidos generados por el usuario: <\/strong>Con la aceptaci\u00f3n de los presentes t\u00e9rminos de uso, concedes a ENLAZALIA una licencia tan amplia, como en derecho se requiera, para la publicaci\u00f3n de las aportaciones que realice en los eventuales servicios de participaci\u00f3n establecidos en el Sitio Web o que, en su caso, se establezcan.<\/p>\n<p>Queda absolutamente prohibido que subas al Sitio Web, compartas o hagas cualquier otro tipo de uso de contenidos protegidos legalmente sin estar debida y legalmente legitimados para ello, tanto por la legislaci\u00f3n relativa a la propiedad intelectual o a la propiedad industrial (marcas, patentes, modelos de utilidad, dise\u00f1os industriales).<\/p>\n<p>ENLAZALIA te ofrece la posibilidad de denunciar cualquier clase de vulneraci\u00f3n de los derechos por cualquier usuario o tercero por la introducci\u00f3n de un determinado contenido en el Sitio Web, comunicando dicha circunstancia a ENLAZALIA, mediante correo electr\u00f3nico a la direcci\u00f3n de correo electr\u00f3nico <a href=\"mailto:hola@enlazalia.com\">hola@enlazalia.com<\/a><\/p>\n<p><strong>5.- Pol\u00edtica de Enlaces:<\/strong><\/p>\n<p><strong>5.1. Enlaces desde otros sitios web: <\/strong>Aquellos que pretendan enlazar o enlacen desde una p\u00e1gina web de otro portal de Internet a cualquiera de las p\u00e1ginas web de ENLAZALIA deber\u00e1n someterse\u00a0 las siguientes condiciones:<\/p>\n<p>&#8211; No se permite, la reproducci\u00f3n total o parcial de ninguno de los servicios ni contenidos del sitio web, ni el establecimiento de deep-links, ni enlaces IMG o de imagen, ni frames con la web de ENLAZALIA sin su previa autorizaci\u00f3n expresa y por escrito.<\/p>\n<p>&#8211; No se realizar\u00e1 ninguna manifestaci\u00f3n falsa, inexacta o incorrecta sobre la web de ENLAZALIA, ni sobre los servicios o contenidos de la misma. Salvo aquellos signos que formen parte del enlace, la p\u00e1gina web en la que\u00a0 se establezca no contendr\u00e1 ninguna marca, nombre comercial, r\u00f3tulo de establecimiento, denominaci\u00f3n, logotipo, eslogan u otros signos distintivos pertenecientes a ENLAZALIA, salvo autorizaci\u00f3n expresa de \u00e9sta.<\/p>\n<p>&#8211; El establecimiento del enlace no implicar\u00e1 la existencia de relaci\u00f3n alguna entre ENLAZALIA y el titular de la p\u00e1gina web o del portal desde el cual se realice, ni el conocimiento y aceptaci\u00f3n de ENLAZALIA de los servicios y contenidos ofrecidos en dicha p\u00e1gina web o portal.<\/p>\n<p>&#8211; ENLAZALIA no ser\u00e1 responsable de los contenidos o servicios puestos a disposici\u00f3n del p\u00fablico en la p\u00e1gina web o portal desde el cual se realice el hiperv\u00ednculo, ni de las informaciones y manifestaciones incluidas en los mismos.<\/p>\n<p><strong>5.2. Enlaces hacia otras webs: <\/strong>El sitio web de ENLAZALIA puede poner a tu disposici\u00f3n enlaces hacia otros sitios web gestionados y controlados por terceros, con la\u00a0 exclusiva funci\u00f3n de facilitar la b\u00fasqueda de informaci\u00f3n, contenidos y servicios en Internet, sin que en ning\u00fan caso pueda considerarse una sugerencia, recomendaci\u00f3n o invitaci\u00f3n para la visita de los mismos. ENLAZALIA no comercializa, ni dirige, ni controla previamente, ni hace propios los contenidos, servicios, informaciones y manifestaciones disponibles en dichos sitios web.<\/p>\n<p>ENLAZALIA no asume ning\u00fan tipo de responsabilidad, siquiera de forma indirecta o subsidiaria, por los contenidos, informaciones, comunicaciones, opiniones o servicios enlazados desde esos sitios webs no gestionados por ENLAZALIA y que resulten accesibles a trav\u00e9s de la Web, ni garantiza la ausencia de virus u otros elementos en los mismos que puedan producir alteraciones en el sistema inform\u00e1tico (hardware y software), en los documentos o los ficheros del usuario, excluyendo cualquier responsabilidad por los da\u00f1os de cualquier clase causados al usuario por este motivo<\/p>\n<p><strong>6.- Incumplimiento. Derecho de exclusi\u00f3n: <\/strong>Cualquier incumplimiento de los presentes t\u00e9rminos de uso ser\u00e1 susceptible de ser perseguido, as\u00ed como cualquier uso indebido de la Web, pudiendo ENLAZALIA ejercitar cuantas acciones legales le correspondan en defensa de sus leg\u00edtimos intereses. ENLAZALIA se reserva el derecho a denegar o retirar el acceso al Sitio Web, sin necesidad de preaviso, a instancia propia o de un tercero, a aquellos usuarios que incumplan los presentes t\u00e9rminos de uso.<\/p>\n<p><strong>7.- Modificaci\u00f3n de los presentes t\u00e9rminos: <\/strong>ENLAZALIA podr\u00e1 modificar en cualquier momento los t\u00e9rminos aqu\u00ed determinados, siendo debidamente publicados como aqu\u00ed aparecen. La vigencia de los citados t\u00e9rminos de uso ir\u00e1 en funci\u00f3n de su exposici\u00f3n y estar\u00e1n vigentes hasta que sean modificadas por otras debidamente publicadas.<\/p>\n<p><strong>8.- Ley aplicable y jurisdicci\u00f3n: <\/strong>Los presentes t\u00e9rminos de uso y pol\u00edtica de privacidad se regir\u00e1n por la legislaci\u00f3n espa\u00f1ola.<\/p>\n<p>Las partes se someten, a su elecci\u00f3n, para la resoluci\u00f3n de los conflictos y con renuncia a cualquier otro fuero, a los juzgados y tribunales de Alicante.<\/p>\n<p>&nbsp;<\/p>\n<p><strong>\u00daLTIMA ACTUALIZACI\u00d3N: 5 de septiembre de 2017<\/strong><\/p>\n<p>Las modificaciones de las pol\u00edticas, t\u00e9rminos y condiciones pueden deberse a modificaciones legislativas o con la finalidad de adaptar dicha pol\u00edtica a las instrucciones dictadas por la Agencia Espa\u00f1ola de Protecci\u00f3n de Datos, as\u00ed como cuando se produzcan cambios en los acuerdos con terceros que instalen o utilicen cookies a trav\u00e9s del Sitio Web.<\/p>\n","protected":false},"excerpt":{"rendered":"<p>T\u00e9rminos de uso T\u00e9rminos de uso de https:\/\/enlazalia.com\/blog\/ Informaci\u00f3n general: El titular del dominio y de la p\u00e1gina web https:\/\/enlazalia.com\/blog\/ , as\u00ed como de todos los subdominios y directorios incluidos en la misma (en adelante, conjuntamente denominados como la \u201cWeb\u201d o el \u201cSitio Web\u201d, indistintamente), es Miguel \u00c1ngel L\u00f3pez P\u00e9rez, con D.N.I.\/N.I.F. 74.002.662-R, y direcci\u00f3n&hellip;<\/p>\n","protected":false},"author":1,"featured_media":0,"parent":0,"menu_order":0,"comment_status":"closed","ping_status":"closed","template":"","meta":{"spay_email":""},"yoast_head":"<!-- This site is optimized with the Yoast SEO plugin v16.4 - https:\/\/yoast.com\/wordpress\/plugins\/seo\/ -->\n<title>T\u00e9rminos de Uso - Enlazalia<\/title>\n<meta name=\"robots\" content=\"noindex, follow\" \/>\n<meta property=\"og:locale\" content=\"es_ES\" \/>\n<meta property=\"og:type\" content=\"article\" \/>\n<meta property=\"og:title\" content=\"T\u00e9rminos de Uso - Enlazalia\" \/>\n<meta property=\"og:description\" content=\"T\u00e9rminos de uso T\u00e9rminos de uso de https:\/\/enlazalia.com\/blog\/ Informaci\u00f3n general: El titular del dominio y de la p\u00e1gina web https:\/\/enlazalia.com\/blog\/ , as\u00ed como de todos los subdominios y directorios incluidos en la misma (en adelante, conjuntamente denominados como la \u201cWeb\u201d o el \u201cSitio Web\u201d, indistintamente), es Miguel \u00c1ngel L\u00f3pez P\u00e9rez, con D.N.I.\/N.I.F. 74.002.662-R, y direcci\u00f3n&hellip;\" \/>\n<meta property=\"og:url\" content=\"https:\/\/enlazalia.com\/blog\/terminos-de-uso\/\" \/>\n<meta property=\"og:site_name\" content=\"Enlazalia\" \/>\n<meta property=\"article:modified_time\" content=\"2017-09-01T21:56:35+00:00\" \/>\n<meta name=\"twitter:card\" content=\"summary\" \/>\n<meta name=\"twitter:label1\" content=\"Tiempo de lectura\" \/>\n\t<meta name=\"twitter:data1\" content=\"11 minutos\" \/>\n<script type=\"application\/ld+json\" class=\"yoast-schema-graph\">{\"@context\":\"https:\/\/schema.org\",\"@graph\":[{\"@type\":\"WebSite\",\"@id\":\"https:\/\/enlazalia.com\/blog\/#website\",\"url\":\"https:\/\/enlazalia.com\/blog\/\",\"name\":\"Enlazalia\",\"description\":\"\",\"potentialAction\":[{\"@type\":\"SearchAction\",\"target\":\"https:\/\/enlazalia.com\/blog\/?s={search_term_string}\",\"query-input\":\"required name=search_term_string\"}],\"inLanguage\":\"es\"},{\"@type\":\"WebPage\",\"@id\":\"https:\/\/enlazalia.com\/blog\/terminos-de-uso\/#webpage\",\"url\":\"https:\/\/enlazalia.com\/blog\/terminos-de-uso\/\",\"name\":\"T\\u00e9rminos de Uso - Enlazalia\",\"isPartOf\":{\"@id\":\"https:\/\/enlazalia.com\/blog\/#website\"},\"datePublished\":\"2017-09-01T19:38:27+00:00\",\"dateModified\":\"2017-09-01T21:56:35+00:00\",\"breadcrumb\":{\"@id\":\"https:\/\/enlazalia.com\/blog\/terminos-de-uso\/#breadcrumb\"},\"inLanguage\":\"es\",\"potentialAction\":[{\"@type\":\"ReadAction\",\"target\":[\"https:\/\/enlazalia.com\/blog\/terminos-de-uso\/\"]}]},{\"@type\":\"BreadcrumbList\",\"@id\":\"https:\/\/enlazalia.com\/blog\/terminos-de-uso\/#breadcrumb\",\"itemListElement\":[{\"@type\":\"ListItem\",\"position\":1,\"item\":{\"@type\":\"WebPage\",\"@id\":\"https:\/\/enlazalia.com\/blog\/\",\"url\":\"https:\/\/enlazalia.com\/blog\/\",\"name\":\"Portada\"}},{\"@type\":\"ListItem\",\"position\":2,\"item\":{\"@id\":\"https:\/\/enlazalia.com\/blog\/terminos-de-uso\/#webpage\"}}]}]}<\/script>\n<!-- \/ Yoast SEO plugin. -->","jetpack_sharing_enabled":true,"jetpack_shortlink":"https:\/\/wp.me\/P8RjTh-3r","jetpack-related-posts":[{"id":197,"url":"https:\/\/enlazalia.com\/blog\/politica-cookies\/","url_meta":{"origin":213,"position":0},"title":"Pol\u00edtica de Cookies","date":"1 septiembre, 2017","format":false,"excerpt":"Pol\u00edtica de Cookies \u00a0 Pol\u00edtica de cookies de \u00a0https:\/\/enlazalia.com\/blog\/ \u00a0 Datos identificativos del titular del Sitio Web: La presente pol\u00edtica de cookies viene a complementar la pol\u00edtica de privacidad\u00a0del Sitio Web https:\/\/enlazalia.com\/blog\/ (en adelante, la Web o el Sitio Web, indictintamente), titularidad de Miguel \u00c1ngel L\u00f3pez P\u00e9rez, con D.N.I.\/N.I.F. 74.002.662-R,\u2026","rel":"","context":"Entrada similar","img":{"alt_text":"","src":"","width":0,"height":0},"classes":[]},{"id":201,"url":"https:\/\/enlazalia.com\/blog\/politica-privacidad\/","url_meta":{"origin":213,"position":1},"title":"Pol\u00edtica de Privacidad","date":"1 septiembre, 2017","format":false,"excerpt":"Pol\u00edtica de Privacidad Pol\u00edtica de Privacidad de la web https:\/\/enlazalia.com\/blog\/ 1.- RESPONSABLE DEL TRATAMIENTO: Por responsable de tratamiento se entiende la persona f\u00edsica o jur\u00eddica que sola o conjuntamente con otra, determine los fines y medios del tratamiento. El responsable del tratamiento de los datos recabados a trav\u00e9s del sitio\u2026","rel":"","context":"Entrada similar","img":{"alt_text":"","src":"","width":0,"height":0},"classes":[]},{"id":743,"url":"https:\/\/enlazalia.com\/blog\/contacto\/","url_meta":{"origin":213,"position":2},"title":"Contacto","date":"25 mayo, 2018","format":false,"excerpt":"Direcci\u00f3n Calle Manuel Soler, 4 03440 - Ibi (Alicante) E-mail hola@enlazalia.com Horario Los enlaces no tienen horario. Haz el pedido y rel\u00e1jate. WhatsApp 601 76 48 82 Enviar Mensaje \u00bfTe podemos ayudar en algo? Enlazalia te informa que los datos de car\u00e1cter personal que nos proporciones rellenando el presente formulario\u2026","rel":"","context":"Entrada similar","img":{"alt_text":"","src":"","width":0,"height":0},"classes":[]},{"id":216,"url":"https:\/\/enlazalia.com\/blog\/condiciones-contratacion\/","url_meta":{"origin":213,"position":3},"title":"Condiciones de Contrataci\u00f3n","date":"1 septiembre, 2017","format":false,"excerpt":"Condiciones de contrataci\u00f3n Condiciones de contrataci\u00f3n de https:\/\/enlazalia.com\/blog\/ PRIMERA.- Partes del contrato: Las partes del contrato son: De una parte, Miguel \u00c1ngel L\u00f3pez P\u00e9rez, con D.N.I.\/N.I.F. 74.002.662-R, y direcci\u00f3n en C\/ Manuel Soler, 4, 03440 - Ibi (Alicante), con correo electr\u00f3nico de contacto: hola@enlazalia.com (en adelante, ENLAZALIA) en tanto que\u2026","rel":"","context":"Entrada similar","img":{"alt_text":"","src":"","width":0,"height":0},"classes":[]},{"id":497,"url":"https:\/\/enlazalia.com\/blog\/gracias-1\/","url_meta":{"origin":213,"position":4},"title":"Muchas gracias por confiar en\u2026","date":"14 diciembre, 2017","format":false,"excerpt":"Muchas gracias por confiar en Enlazalia Ya formas parte de la mejor plataforma de linkbuilding. Esperamos que el servicio cumpla tus expectativas. \u00a0 En breve recibir\u00e1s un email con los datos de acceso y podr\u00e1s configurar tu primer proyecto. \u00a0 Si tienes alguna duda no dudes en preguntarnos a trav\u00e9s\u2026","rel":"","context":"Entrada similar","img":{"alt_text":"","src":"","width":0,"height":0},"classes":[]},{"id":501,"url":"https:\/\/enlazalia.com\/blog\/gracias-2\/","url_meta":{"origin":213,"position":5},"title":"Muchas gracias por confiar en\u2026","date":"14 diciembre, 2017","format":false,"excerpt":"Muchas gracias por confiar en Enlazalia Ya formas parte de la mejor plataforma de linkbuilding. Esperamos que el servicio cumpla tus expectativas. \u00a0 En breve recibir\u00e1s un email con los datos de acceso y podr\u00e1s configurar tu primer proyecto. \u00a0 Si tienes alguna duda no dudes en preguntarnos a trav\u00e9s\u2026","rel":"","context":"Entrada similar","img":{"alt_text":"","src":"","width":0,"height":0},"classes":[]}],"_links":{"self":[{"href":"https:\/\/enlazalia.com\/blog\/wp-json\/wp\/v2\/pages\/213"}],"collection":[{"href":"https:\/\/enlazalia.com\/blog\/wp-json\/wp\/v2\/pages"}],"about":[{"href":"https:\/\/enlazalia.com\/blog\/wp-json\/wp\/v2\/types\/page"}],"author":[{"embeddable":true,"href":"https:\/\/enlazalia.com\/blog\/wp-json\/wp\/v2\/users\/1"}],"replies":[{"embeddable":true,"href":"https:\/\/enlazalia.com\/blog\/wp-json\/wp\/v2\/comments?post=213"}],"version-history":[{"count":0,"href":"https:\/\/enlazalia.com\/blog\/wp-json\/wp\/v2\/pages\/213\/revisions"}],"wp:attachment":[{"href":"https:\/\/enlazalia.com\/blog\/wp-json\/wp\/v2\/media?parent=213"}],"curies":[{"name":"wp","href":"https:\/\/api.w.org\/{rel}","templated":true}]}}