{"id":201,"date":"2017-09-01T18:48:30","date_gmt":"2017-09-01T18:48:30","guid":{"rendered":"https:\/\/enlazalia.com\/blog\/?page_id=201"},"modified":"2018-10-16T10:20:11","modified_gmt":"2018-10-16T10:20:11","slug":"politica-privacidad","status":"publish","type":"page","link":"https:\/\/enlazalia.com\/blog\/politica-privacidad\/","title":{"rendered":"Pol\u00edtica de Privacidad"},"content":{"rendered":"<h3>\n\t\tPol\u00edtica de Privacidad<br \/>\n\t<\/h3>\n<p>Pol\u00edtica de Privacidad de la web<\/p>\n<p><a href=\"https:\/\/enlazalia.com\/blog\/\">https:\/\/enlazalia.com\/blog\/<\/a><\/p>\n<p>1.- RESPONSABLE DEL TRATAMIENTO: Por responsable de tratamiento se entiende la persona f\u00edsica o jur\u00eddica que sola o conjuntamente con otra, determine los fines y medios del tratamiento. El responsable del tratamiento de los datos recabados a trav\u00e9s del sitio web <a href=\"https:\/\/enlazalia.com\/blog\/\">https:\/\/enlazalia.com\/blog\/<\/a> es ENLAZALIA WEB BUSINESS, S.L. , con N.I.F. B42599381 , y direcci\u00f3n postal en Calle San Miguel de Salinas, 7. Almorad\u00ed (Alicante). En adelante, ENLAZALIA.<\/p>\n<p>Adem\u00e1s, puedes ponerte en contacto con nosotros por correo electr\u00f3nico, en el e-mail: hola@enlazalia.com<\/p>\n<p><strong>2.- FINALIDAD:<\/strong><\/p>\n<p><strong>2.1. \u00bfCon qu\u00e9 finalidad trataremos tus datos personales?<\/strong> En ENLAZALIA trataremos tus datos, recabados a trav\u00e9s del Sitio Web cuando rellenes alguno de los formularios dispuestos en el mismo, o facilitados por la Plataforma de PayPal, cuando contrates la suscripci\u00f3n mensual de cualquiera de nuestros servicios, con las siguientes finalidades:<\/p>\n<ol>\n<li>a) Si has contratado alguno de nuestros servicios, para poder llevar a efecto tal contrato de compraventa: la entrega del producto, emisi\u00f3n de facturas, gesti\u00f3n contable, administraci\u00f3n, informaci\u00f3n, etc.<\/li>\n<li>b) Para remitir boletines o <em>newsletters<\/em>, as\u00ed como comunicaciones comerciales de promociones y\/o publicidad del Sitio Web y del sector del Marketing Digital.<\/li>\n<li>c) Con el fin de poder ofrecerte productos y\/o servicios de acuerdo a tus intereses, elaboraremos un \u201cperfil comercial\u201d con base en la informaci\u00f3n que nos has facilitado, sin que se vayan a tomar decisiones automatizadas con base en dicho perfil.<\/li>\n<\/ol>\n<p><strong>2.2. \u00bfPor cu\u00e1nto tiempo conservaremos tus datos?<\/strong><\/p>\n<p>Los datos personales proporcionados se conservar\u00e1n mientras se mantenga la relaci\u00f3n comercial o no se solicite su supresi\u00f3n por el interesado.<\/p>\n<p><strong>3.- LEGITIMACI\u00d3N: <\/strong>El tratamiento de tus datos se realiza con la base jur\u00eddica consistente en la legitimaci\u00f3n por la ejecuci\u00f3n del contrato, en el que eres parte en tanto que contratante de los servicios de ENLAZALIA y cuyas condiciones de contrataci\u00f3n habr\u00e1s aceptado en caso de haber contratado cualquiera de esos servicios.<\/p>\n<p>Cuando no contrates ning\u00fan producto, tambi\u00e9n se legitimar\u00e1 el tratamiento de tus datos mediante la base jur\u00eddica del consentimiento libre, espec\u00edfico, informado e inequ\u00edvoco, cuando se te informa y se pone a tu disposici\u00f3n la presente pol\u00edtica de privacidad y tras la lectura de la misma, en caso de estar conforme, la aceptas mediante una declaraci\u00f3n o una clara acci\u00f3n afirmativa, como el marcado de una casilla o hacer click sobre un determinado bot\u00f3n.<\/p>\n<p><strong>4.- DESTINATARIOS: <\/strong>Los datos recabados no se ceder\u00e1n a terceros salvo que medie una obligaci\u00f3n legal o norma imperativa.<\/p>\n<p>Como encargados de tratamiento, esto es, personas f\u00edsicas o jur\u00eddicas que tratan los datos por cuenta del responsable de tratamiento, ENLAZALIA tiene contratados los siguientes proveedores de servicios, que se han comprometido al cumplimiento de las disposiciones normativas de aplicaci\u00f3n en materia de protecci\u00f3n de datos, en el momento de su contrataci\u00f3n:<\/p>\n<p>&#8211; Raiola Networks, S.L., que proporciona los servicios de Hosting. con C.I.F. B27453489 y con domicilio en Ronda del Carme N\u00famero 8 Planta 5 Puerta B, 27004 \u2013 Lugo.Esta sociedad consta inscrita en el Registro Mercantil de Lugo en el Libro 0, Tomo 460, folio 183, hoja LU-17342. El tel\u00e9fono de contacto es 982776081 y la direcci\u00f3n electr\u00f3nica de contacto es <a href=\"mailto:info@raiolanetworks.es\">info@raiolanetworks.es<\/a>. Se puede consultar la pol\u00edtica de privacidad y dem\u00e1s aspectos legales de dicha compa\u00f1\u00eda en el siguiente enlace:<\/p>\n<p><a href=\"https:\/\/raiolanetworks.es\/aviso-legal\/\">https:\/\/raiolanetworks.es\/aviso-legal\/<\/a><\/p>\n<p>&#8211; Acumbamail, S.L. (Identificada por la marca comercial \u201cAcumbamail\u201d), con CIF: B13538590 y domicilio social est\u00e1 en Ronda Del Parque, 28, 1a &#8211; 13002 Ciudad Real. Inscrita en el Registro Mercantil de Ciudad Real, Diario 50, Asiento 1248, Tomo 551, Folio 1, Inscripci\u00f3n 1a con hoja CR-21870. El tel\u00e9fono de contacto es 91 278 40 71 y la direcci\u00f3n electr\u00f3nica de contacto: <a href=\"mailto:info@acumbamail.com\">info@acumbamail.com<\/a>, que nos proporciona los servicios de creaci\u00f3n de campa\u00f1as de mail marketing.\u00a0 Los datos personales que proporcionas a trav\u00e9s de los formularios de la Web, son tratados para el env\u00edo de comunicaciones comerciales o informativas mediante el uso de la herramienta que dicha compa\u00f1\u00eda facilita. Se puede consultar la pol\u00edtica de privacidad y dem\u00e1s aspectos legales de dicha compa\u00f1\u00eda en el siguiente enlace:<\/p>\n<p><a href=\"https:\/\/acumbamail.com\/public\/privacy-policy\/\">https:\/\/acumbamail.com\/public\/privacy-policy\/<\/a><\/p>\n<p>&#8211; The Rocket Science Group, LLC (Identificada por la marca comercial \u201cMailChimp\u201d), con domicilio social en 675 Ponce de Le\u00f3n Ave NE, Suite 5000, Atlanta, GA 30308, que nos proporciona los servicios de creaci\u00f3n de campa\u00f1as de mail marketing.\u00a0 Los datos personales que proporcionas a trav\u00e9s de los formularios de la Web, son tratados para el env\u00edo de comunicaciones comerciales o informativas mediante el uso de la herramienta que dicha compa\u00f1\u00eda facilita, lo que conlleva que los datos introducidos son transferidos a los servidores de la citada compa\u00f1\u00eda, suponiendo una transferencia internacional de datos a los Estados Unidos, que consientes de manera expresa con la aceptaci\u00f3n de la presente pol\u00edtica de privacidad. Se puede consultar la pol\u00edtica de privacidad y dem\u00e1s aspectos legales de dicha compa\u00f1\u00eda en el siguiente enlace: <a href=\"http:\/\/mailchimp.com\/legal\/\">http:\/\/mailchimp.com\/legal\/<\/a><\/p>\n<p>Sin perjuicio de ese consentimiento a la transferencia internacional de datos y conforme comunica dicha compa\u00f1\u00eda en su pol\u00edtica de privacidad, MailChimp participa y ha certificado su cumplimiento con el marco del acuerdo entre EE.UU. y la Uni\u00f3n Europea denominado Privacy Shield, habi\u00e9ndose comprometido a someter toda la informaci\u00f3n personal recibida de pa\u00edses miembros de la Uni\u00f3n Europea a los principios derivados del Privacy Shield.<\/p>\n<p>Puedes m\u00e1s informaci\u00f3n acerca del Privacy Shield en la web del Departamento de Comercio de los EE.UU.:\u00a0 <a href=\"https:\/\/www.privacyshield.gov\/welcome\">https:\/\/www.privacyshield.gov\/welcome<\/a><\/p>\n<p>Asimismo, puedes encontrar una lista de las compa\u00f1\u00edas adheridas al Privacy Shield en el siguiente enlace: <a href=\"https:\/\/www.privacyshield.gov\/list\">https:\/\/www.privacyshield.gov\/list<\/a><\/p>\n<p><strong>5.- DERECHOS: <\/strong>Cualquier persona tiene derecho a obtener confirmaci\u00f3n sobre si en ENLAZALIA, estamos tratando datos personales que les conciernan, o no, por lo que, en concreto, ostentas los siguientes derechos:<\/p>\n<ul>\n<li>Derecho de ACCESO a tus datos personales<\/li>\n<li>Derechos de solicitar la RECTIFICACI\u00d3N de aquellos datos que sean \u00a0inexactos<\/li>\n<li>Derecho de solicitar la SUPRESI\u00d3N de tus datos, cuando, entre otros motivos, los datos ya no sean necesarios para los fines que fueron recogidos.<\/li>\n<li>En determinadas circunstancias, podr\u00e1s solicitar la LIMITACI\u00d3N DEL TRATAMIENTO de tus datos, en cuyo caso \u00fanicamente los conservaremos para el ejercicio o la defensa de reclamaciones.<\/li>\n<li>En determinadas circunstancias y por motivos relacionados con tu situaci\u00f3n particular, podr\u00e1s oponerse al tratamiento de tus datos. ENLAZALIA dejar\u00e1 de tratar los datos, salvo por motivos leg\u00edtimos imperiosos, o el ejercicio o la defensa de posibles reclamaciones.<\/li>\n<li>En determinadas circunstancias y por motivos relacionados con su situaci\u00f3n particular, podr\u00e1s solicitar tu derecho a la PORTABILIDAD de los datos.<\/li>\n<\/ul>\n<p>Podr\u00e1s ejercer tales derechos dirigiendo una comunicaci\u00f3n a ENLAZALIA con direcci\u00f3n postal en C\/ Manuel Soler, 4. 4\u00baA, 03340, Ibi (Alicante)\u00a0o en la direcci\u00f3n de correo-e: <a href=\"mailto:hola@enlazalia.com\">hola@enlazalia.com<\/a><\/p>\n<p>En caso de que consideres vulnerados tus derechos, tambi\u00e9n tienes derecho a presentar una reclamaci\u00f3n ante la Agencia Espa\u00f1ola de Protecci\u00f3n de Datos, C\/ Jorge Juan, 6, 28001-Madrid o a trav\u00e9s de la sede electr\u00f3nica:<\/p>\n<p><a href=\"https:\/\/sedeagpd.gob.es\/sede-electronica-web\/\">https:\/\/sedeagpd.gob.es\/sede-electronica-web\/<\/a><\/p>\n<p><strong>\u00daLTIMA ACTUALIZACI\u00d3N: 5 de septiembre de 2017<\/strong><\/p>\n<p>Las modificaciones de las pol\u00edticas, t\u00e9rminos y condiciones pueden deberse a modificaciones legislativas o con la finalidad de adaptar dicha pol\u00edtica a las instrucciones dictadas por la Agencia Espa\u00f1ola de Protecci\u00f3n de Datos, as\u00ed como cuando se produzcan cambios en los acuerdos con terceros que instalen o utilicen cookies a trav\u00e9s del Sitio Web.<\/p>\n<p>&nbsp;<\/p>\n","protected":false},"excerpt":{"rendered":"<p>Pol\u00edtica de Privacidad Pol\u00edtica de Privacidad de la web https:\/\/enlazalia.com\/blog\/ 1.- RESPONSABLE DEL TRATAMIENTO: Por responsable de tratamiento se entiende la persona f\u00edsica o jur\u00eddica que sola o conjuntamente con otra, determine los fines y medios del tratamiento. El responsable del tratamiento de los datos recabados a trav\u00e9s del sitio web https:\/\/enlazalia.com\/blog\/ es ENLAZALIA WEB&hellip;<\/p>\n","protected":false},"author":1,"featured_media":0,"parent":0,"menu_order":0,"comment_status":"closed","ping_status":"closed","template":"","meta":{"spay_email":""},"yoast_head":"<!-- This site is optimized with the Yoast SEO plugin v16.4 - https:\/\/yoast.com\/wordpress\/plugins\/seo\/ -->\n<title>Pol\u00edtica de Privacidad - Enlazalia<\/title>\n<meta name=\"robots\" content=\"index, follow, max-snippet:-1, max-image-preview:large, max-video-preview:-1\" \/>\n<link rel=\"canonical\" href=\"https:\/\/enlazalia.com\/blog\/politica-privacidad\/\" \/>\n<meta property=\"og:locale\" content=\"es_ES\" \/>\n<meta property=\"og:type\" content=\"article\" \/>\n<meta property=\"og:title\" content=\"Pol\u00edtica de Privacidad - Enlazalia\" \/>\n<meta property=\"og:description\" content=\"Pol\u00edtica de Privacidad Pol\u00edtica de Privacidad de la web https:\/\/enlazalia.com\/blog\/ 1.- RESPONSABLE DEL TRATAMIENTO: Por responsable de tratamiento se entiende la persona f\u00edsica o jur\u00eddica que sola o conjuntamente con otra, determine los fines y medios del tratamiento. El responsable del tratamiento de los datos recabados a trav\u00e9s del sitio web https:\/\/enlazalia.com\/blog\/ es ENLAZALIA WEB&hellip;\" \/>\n<meta property=\"og:url\" content=\"https:\/\/enlazalia.com\/blog\/politica-privacidad\/\" \/>\n<meta property=\"og:site_name\" content=\"Enlazalia\" \/>\n<meta property=\"article:modified_time\" content=\"2018-10-16T10:20:11+00:00\" \/>\n<meta name=\"twitter:card\" content=\"summary\" \/>\n<meta name=\"twitter:label1\" content=\"Tiempo de lectura\" \/>\n\t<meta name=\"twitter:data1\" content=\"7 minutos\" \/>\n<script type=\"application\/ld+json\" class=\"yoast-schema-graph\">{\"@context\":\"https:\/\/schema.org\",\"@graph\":[{\"@type\":\"WebSite\",\"@id\":\"https:\/\/enlazalia.com\/blog\/#website\",\"url\":\"https:\/\/enlazalia.com\/blog\/\",\"name\":\"Enlazalia\",\"description\":\"\",\"potentialAction\":[{\"@type\":\"SearchAction\",\"target\":\"https:\/\/enlazalia.com\/blog\/?s={search_term_string}\",\"query-input\":\"required name=search_term_string\"}],\"inLanguage\":\"es\"},{\"@type\":\"WebPage\",\"@id\":\"https:\/\/enlazalia.com\/blog\/politica-privacidad\/#webpage\",\"url\":\"https:\/\/enlazalia.com\/blog\/politica-privacidad\/\",\"name\":\"Pol\\u00edtica de Privacidad - Enlazalia\",\"isPartOf\":{\"@id\":\"https:\/\/enlazalia.com\/blog\/#website\"},\"datePublished\":\"2017-09-01T18:48:30+00:00\",\"dateModified\":\"2018-10-16T10:20:11+00:00\",\"breadcrumb\":{\"@id\":\"https:\/\/enlazalia.com\/blog\/politica-privacidad\/#breadcrumb\"},\"inLanguage\":\"es\",\"potentialAction\":[{\"@type\":\"ReadAction\",\"target\":[\"https:\/\/enlazalia.com\/blog\/politica-privacidad\/\"]}]},{\"@type\":\"BreadcrumbList\",\"@id\":\"https:\/\/enlazalia.com\/blog\/politica-privacidad\/#breadcrumb\",\"itemListElement\":[{\"@type\":\"ListItem\",\"position\":1,\"item\":{\"@type\":\"WebPage\",\"@id\":\"https:\/\/enlazalia.com\/blog\/\",\"url\":\"https:\/\/enlazalia.com\/blog\/\",\"name\":\"Portada\"}},{\"@type\":\"ListItem\",\"position\":2,\"item\":{\"@id\":\"https:\/\/enlazalia.com\/blog\/politica-privacidad\/#webpage\"}}]}]}<\/script>\n<!-- \/ Yoast SEO plugin. -->","jetpack_sharing_enabled":true,"jetpack_shortlink":"https:\/\/wp.me\/P8RjTh-3f","jetpack-related-posts":[{"id":743,"url":"https:\/\/enlazalia.com\/blog\/contacto\/","url_meta":{"origin":201,"position":0},"title":"Contacto","date":"25 mayo, 2018","format":false,"excerpt":"Direcci\u00f3n Calle Manuel Soler, 4 03440 - Ibi (Alicante) E-mail hola@enlazalia.com Horario Los enlaces no tienen horario. Haz el pedido y rel\u00e1jate. WhatsApp 601 76 48 82 Enviar Mensaje \u00bfTe podemos ayudar en algo? Enlazalia te informa que los datos de car\u00e1cter personal que nos proporciones rellenando el presente formulario\u2026","rel":"","context":"Entrada similar","img":{"alt_text":"","src":"","width":0,"height":0},"classes":[]},{"id":7,"url":"https:\/\/enlazalia.com\/blog\/inicio\/","url_meta":{"origin":201,"position":1},"title":"Inicio","date":"6 junio, 2017","format":false,"excerpt":"Comprar enlaces nunca fue tan f\u00e1cil Servicio de Linkbuilding Con Enlazalia conseguir\u00e1s comprar enlaces de calidad y ahorrar horas y horas de trabajo en la creaci\u00f3n de esos\u00a0enlaces naturales\u00a0que todo proyecto necesita. Todo el mundo se centra en comprar\u00a0enlaces en peri\u00f3dicos y blogs de mucha autoridad, pero se olvidan de\u2026","rel":"","context":"Entrada similar","img":{"alt_text":"","src":"https:\/\/i0.wp.com\/enlazalia.com\/blog\/wp-content\/uploads\/2018\/05\/community-manager-Valencia.jpg?resize=350%2C200&ssl=1","width":350,"height":200},"classes":[]},{"id":213,"url":"https:\/\/enlazalia.com\/blog\/terminos-de-uso\/","url_meta":{"origin":201,"position":2},"title":"T\u00e9rminos de Uso","date":"1 septiembre, 2017","format":false,"excerpt":"T\u00e9rminos de uso T\u00e9rminos de uso de https:\/\/enlazalia.com\/blog\/ Informaci\u00f3n general: El titular del dominio y de la p\u00e1gina web https:\/\/enlazalia.com\/blog\/ , as\u00ed como de todos los subdominios y directorios incluidos en la misma (en adelante, conjuntamente denominados como la \u201cWeb\u201d o el \u201cSitio Web\u201d, indistintamente), es Miguel \u00c1ngel L\u00f3pez P\u00e9rez,\u2026","rel":"","context":"Entrada similar","img":{"alt_text":"","src":"","width":0,"height":0},"classes":[]},{"id":197,"url":"https:\/\/enlazalia.com\/blog\/politica-cookies\/","url_meta":{"origin":201,"position":3},"title":"Pol\u00edtica de Cookies","date":"1 septiembre, 2017","format":false,"excerpt":"Pol\u00edtica de Cookies \u00a0 Pol\u00edtica de cookies de \u00a0https:\/\/enlazalia.com\/blog\/ \u00a0 Datos identificativos del titular del Sitio Web: La presente pol\u00edtica de cookies viene a complementar la pol\u00edtica de privacidad\u00a0del Sitio Web https:\/\/enlazalia.com\/blog\/ (en adelante, la Web o el Sitio Web, indictintamente), titularidad de Miguel \u00c1ngel L\u00f3pez P\u00e9rez, con D.N.I.\/N.I.F. 74.002.662-R,\u2026","rel":"","context":"Entrada similar","img":{"alt_text":"","src":"","width":0,"height":0},"classes":[]},{"id":216,"url":"https:\/\/enlazalia.com\/blog\/condiciones-contratacion\/","url_meta":{"origin":201,"position":4},"title":"Condiciones de Contrataci\u00f3n","date":"1 septiembre, 2017","format":false,"excerpt":"Condiciones de contrataci\u00f3n Condiciones de contrataci\u00f3n de https:\/\/enlazalia.com\/blog\/ PRIMERA.- Partes del contrato: Las partes del contrato son: De una parte, Miguel \u00c1ngel L\u00f3pez P\u00e9rez, con D.N.I.\/N.I.F. 74.002.662-R, y direcci\u00f3n en C\/ Manuel Soler, 4, 03440 - Ibi (Alicante), con correo electr\u00f3nico de contacto: hola@enlazalia.com (en adelante, ENLAZALIA) en tanto que\u2026","rel":"","context":"Entrada similar","img":{"alt_text":"","src":"","width":0,"height":0},"classes":[]},{"id":497,"url":"https:\/\/enlazalia.com\/blog\/gracias-1\/","url_meta":{"origin":201,"position":5},"title":"Muchas gracias por confiar en\u2026","date":"14 diciembre, 2017","format":false,"excerpt":"Muchas gracias por confiar en Enlazalia Ya formas parte de la mejor plataforma de linkbuilding. Esperamos que el servicio cumpla tus expectativas. \u00a0 En breve recibir\u00e1s un email con los datos de acceso y podr\u00e1s configurar tu primer proyecto. \u00a0 Si tienes alguna duda no dudes en preguntarnos a trav\u00e9s\u2026","rel":"","context":"Entrada similar","img":{"alt_text":"","src":"","width":0,"height":0},"classes":[]}],"_links":{"self":[{"href":"https:\/\/enlazalia.com\/blog\/wp-json\/wp\/v2\/pages\/201"}],"collection":[{"href":"https:\/\/enlazalia.com\/blog\/wp-json\/wp\/v2\/pages"}],"about":[{"href":"https:\/\/enlazalia.com\/blog\/wp-json\/wp\/v2\/types\/page"}],"author":[{"embeddable":true,"href":"https:\/\/enlazalia.com\/blog\/wp-json\/wp\/v2\/users\/1"}],"replies":[{"embeddable":true,"href":"https:\/\/enlazalia.com\/blog\/wp-json\/wp\/v2\/comments?post=201"}],"version-history":[{"count":0,"href":"https:\/\/enlazalia.com\/blog\/wp-json\/wp\/v2\/pages\/201\/revisions"}],"wp:attachment":[{"href":"https:\/\/enlazalia.com\/blog\/wp-json\/wp\/v2\/media?parent=201"}],"curies":[{"name":"wp","href":"https:\/\/api.w.org\/{rel}","templated":true}]}}