{"id":197,"date":"2017-09-01T18:30:58","date_gmt":"2017-09-01T18:30:58","guid":{"rendered":"https:\/\/enlazalia.com\/blog\/?page_id=197"},"modified":"2017-09-01T19:21:50","modified_gmt":"2017-09-01T19:21:50","slug":"politica-cookies","status":"publish","type":"page","link":"https:\/\/enlazalia.com\/blog\/politica-cookies\/","title":{"rendered":"Pol\u00edtica de Cookies"},"content":{"rendered":"<h3>\n\t\tPol\u00edtica de Cookies<br \/>\n\t<\/h3>\n<p>&nbsp;<\/p>\n<p>Pol\u00edtica de cookies de \u00a0<a href=\"https:\/\/enlazalia.com\/blog\/\">https:\/\/enlazalia.com\/blog\/<\/a><\/p>\n<p>&nbsp;<\/p>\n<ol>\n<li><strong> Datos identificativos del titular del Sitio Web: <\/strong>La presente pol\u00edtica de cookies viene a complementar la <a href=\"https:\/\/enlazalia.com\/blog\/politica-privacidad\/\" rel=\"nofollow\">pol\u00edtica de privacidad<\/a>\u00a0del Sitio Web <a href=\"https:\/\/enlazalia.com\/blog\/\">https:\/\/enlazalia.com\/blog\/<\/a> (en adelante, la Web o el Sitio Web, indictintamente), titularidad de Miguel \u00c1ngel L\u00f3pez P\u00e9rez, con D.N.I.\/N.I.F. 74.002.662-R, y direcci\u00f3n postal en Calle Manuel Soler, 4, 03440 &#8211; Ibi (Alicante). En adelante, ENLAZALIA.<\/li>\n<\/ol>\n<p>Adem\u00e1s, puedes ponerte en contacto con nosotros por correo electr\u00f3nico, en el e-mail: <a href=\"mailto:hola@enlazalia.com\">hola@enlazalia.com<\/a><\/p>\n<p>Este Sitio Web utiliza cookies y otra tecnolog\u00edas similares para proporcionar al usuario una mejor experiencia de navegaci\u00f3n, m\u00e1s r\u00e1pida y m\u00e1s segura, pero tambi\u00e9n para obtener informaci\u00f3n estad\u00edstica sobre la navegaci\u00f3n que realiza, mostrar publicidad personalizada a trav\u00e9s del an\u00e1lisis de dicha navegaci\u00f3n, as\u00ed como para programas de afiliaci\u00f3n e interactuar en redes sociales. A continuaci\u00f3n proporcionamos informaci\u00f3n m\u00e1s detallada al respecto.<\/p>\n<ol>\n<li><strong> Informaci\u00f3n general sobre cookies:<\/strong> Una cookie es un archivo de informaci\u00f3n que el servidor de un sitio web env\u00eda al navegador del dispositivo (ordenador, smartphone, tablet, etc.) de quien accede a ese sitio web con la finalidad de almacenar informaci\u00f3n que podr\u00e1 ser recuperada con posterioridad.<\/li>\n<\/ol>\n<p>Se pueden distinguir distintos tipos de cookies:<\/p>\n<ol>\n<li><strong>a) Tipos de cookies seg\u00fan la entidad que las gestione:<\/strong><\/li>\n<\/ol>\n<p><strong>&#8211; Cookies propias:<\/strong> Son aqu\u00e9llas que se env\u00edan al equipo terminal del usuario desde un equipo o dominio gestionado por el propio editor y desde el que se presta el servicio solicitado por el usuario.<\/p>\n<p><strong>&#8211; Cookies de terceros: <\/strong>Son aqu\u00e9llas que se env\u00edan al equipo terminal del usuario desde un equipo o dominio que no es gestionado por el editor, sino por otra entidad que trata los datos obtenidos trav\u00e9s de las cookies. En el caso de que las cookies sean instaladas desde un equipo o dominio gestionado por el propio editor pero la informaci\u00f3n que se recoja mediante \u00e9stas sea gestionada por un tercero, no pueden ser consideradas como cookies propias.<\/p>\n<ol>\n<li><strong>b) Tipos de cookies seg\u00fan el plazo de tiempo que permanecen activadas:<\/strong><\/li>\n<\/ol>\n<p><strong>&#8211; Cookies de sesi\u00f3n:<\/strong> Las cookies de sesi\u00f3n son necesarias para el correcto uso de la p\u00e1gina web, la navegaci\u00f3n de forma ininterrumpida, recordando opciones de idioma o pa\u00eds. Se utilizan para identificar la misma sesi\u00f3n temporal de un usuario o sesi\u00f3n de navegaci\u00f3n, midiendo as\u00ed, por ejemplo, la frecuencia.<\/p>\n<p><strong>&#8211; Cookies persistentes:<\/strong> Son un tipo de cookies en el que los datos siguen almacenados en el terminal y pueden ser accedidos y tratados durante un periodo definido por el responsable de la cookie, y que puede ir de unos minutos a varios a\u00f1os.<\/p>\n<ol>\n<li><strong>c) Tipos de cookies seg\u00fan su finalidad:<\/strong><\/li>\n<\/ol>\n<p><strong>&#8211; Cookies t\u00e9cnicas:<\/strong> Son aqu\u00e9llas que permiten al usuario la navegaci\u00f3n a trav\u00e9s de una p\u00e1gina web, plataforma o aplicaci\u00f3n y la utilizaci\u00f3n de las diferentes opciones o servicios que en ella existan como, por ejemplo, controlar el tr\u00e1fico y la comunicaci\u00f3n de datos, identificar la sesi\u00f3n, acceder a partes de acceso restringido, recordar los elementos que integran un pedido, realizar el proceso de compra de un pedido, realizar la solicitud de inscripci\u00f3n o participaci\u00f3n en un evento, utilizar elementos de seguridad durante la navegaci\u00f3n, almacenar contenidos para la difusi\u00f3n de videos o sonido o compartir contenidos a trav\u00e9s de redes sociales.<\/p>\n<p><strong>&#8211; Cookies de personalizaci\u00f3n:<\/strong> Son aqu\u00e9llas que permiten al usuario acceder al servicio con algunas caracter\u00edsticas de car\u00e1cter general predefinidas en funci\u00f3n de una serie de criterios en el terminal del usuario como por ejemplo serian el idioma, el tipo de navegador a trav\u00e9s del cual accede al servicio, la configuraci\u00f3n regional desde donde accede al servicio, etc.<\/p>\n<p><strong>&#8211; Cookies de an\u00e1lisis (o anal\u00edticas):<\/strong> Son aqu\u00e9llas que permiten al responsable de las mismas, el seguimiento y an\u00e1lisis del comportamiento de los usuarios de los sitios web a los que est\u00e1n vinculadas. La informaci\u00f3n recogida mediante este tipo de cookies se utiliza en la medici\u00f3n de la actividad de los sitios web, aplicaci\u00f3n o plataforma y para la elaboraci\u00f3n de perfiles de navegaci\u00f3n de los usuarios de dichos sitios, aplicaciones y plataformas, con el fin de introducir mejoras en funci\u00f3n del an\u00e1lisis de los datos de uso que hacen los usuarios del servicio.<\/p>\n<p><strong>&#8211; Cookies publicitarias:<\/strong> Son aqu\u00e9llas que permiten la gesti\u00f3n, de la forma m\u00e1s eficaz posible, de los espacios publicitarios que, en su caso, el editor haya incluido en una p\u00e1gina web, aplicaci\u00f3n o plataforma desde la que presta el servicio solicitado en base a criterios como el contenido editado o la frecuencia en la que se muestran los anuncios.<\/p>\n<p><strong>&#8211; Cookies de publicidad comportamental:<\/strong> Son aqu\u00e9llas que permiten la gesti\u00f3n, de la forma m\u00e1s eficaz posible, de los espacios publicitarios que, en su caso, el editor haya incluido en una p\u00e1gina web, aplicaci\u00f3n o plataforma desde la que presta el servicio solicitado. Estas cookies almacenan informaci\u00f3n del comportamiento de los usuarios obtenida a trav\u00e9s de la observaci\u00f3n continuada de sus h\u00e1bitos de navegaci\u00f3n, lo que permite desarrollar un perfil espec\u00edfico para mostrar publicidad en funci\u00f3n del mismo<\/p>\n<p>En este link se puede acceder a la gu\u00eda de cookies editada por la Agencia Espa\u00f1ola de Protecci\u00f3n de Datos.<\/p>\n<p><a href=\"http:\/\/www.agpd.es\/portalwebAGPD\/canaldocumentacion\/publicaciones\/common\/Guias\/Guia_Cookies.pdf\">http:\/\/www.agpd.es\/portalwebAGPD\/canaldocumentacion\/publicaciones\/common\/Guias\/Guia_Cookies.pdf<\/a><\/p>\n<ol start=\"2\">\n<li>Cookies que utiliza ENLAZALIA: ENLAZALIA utiliza diversos tipos de cookies:<\/li>\n<li><strong>a) Cookies propias (enviadas al equipo terminal del usuario desde la Web):<\/strong> cookies t\u00e9cnicas.<\/li>\n<li><strong>b) Cookies de terceros (aqu\u00e9llas que se env\u00edan al equipo terminal del usuario desde un equipo o dominio que no es gestionado por ENLAZALIA):<\/strong><\/li>\n<\/ol>\n<p><strong>b.1. Cookies anal\u00edticas:<\/strong><\/p>\n<p>De Google Analytics: En el siguiente enlace se puede encontrar m\u00e1s informaci\u00f3n sobre el uso que Google realiza de las cookies de Google Analytics:<\/p>\n<p><a href=\"https:\/\/www.google.com\/intl\/es_es\/policies\/technologies\/types\/\">https:\/\/www.google.com\/intl\/es_es\/policies\/technologies\/types\/<\/a><\/p>\n<p>De WordPress Stats: En los siguientes enlaces se puede encontrar m\u00e1s informaci\u00f3n sobre el uso que WordPress realiza de las cookies:<\/p>\n<p>https:\/\/en.support.wordpress.com\/stats\/ y <a href=\"https:\/\/automattic.com\/privacy\/\">https:\/\/automattic.com\/privacy\/<\/a><\/p>\n<p><strong>b.2. Cookies publicitarias:<\/strong><\/p>\n<p>De DoubleClick by Google: Cookies Publicitarias de Google que se usan para el estudio de la audiencia, obteniendo informaci\u00f3n sobre su navegaci\u00f3n, recopilando datos de manera an\u00f3nima que permiten ofrecer publicidad basada en la navegaci\u00f3n realizada.<\/p>\n<p>En el siguiente enlace se puede encontrar m\u00e1s informaci\u00f3n sobre el uso que Google realiza de las cookies de DoubleClick:<\/p>\n<p><a href=\"https:\/\/support.google.com\/adsense\/answer\/2839090?hl=es\">https:\/\/support.google.com\/adsense\/answer\/2839090?hl=es<\/a><\/p>\n<p>De DoubleClick Ad Exchange by Google: Cookies Publicitarias y de publicidad comportamental de Google que se usan para dirigir anuncioa al usuario sobre productos o servicios que el usuario ha visitado en una p\u00e1gina espec\u00edfica de una Web.<\/p>\n<p>En el siguiente enlace se puede encontrar m\u00e1s informaci\u00f3n sobre el uso que Google realiza de las cookies de DoubleClick:<\/p>\n<p><a href=\"https:\/\/support.google.com\/adxbuyer\/answer\/166635?hl=es\">https:\/\/support.google.com\/adxbuyer\/answer\/166635?hl=es<\/a><\/p>\n<p>P\u00edxel de Facebook y cookies de Facebook Custom Audience &#8211; Cookies publicitarias y de publicidad comportamental de Facebook: Sirven para dirigir anuncios al usuario sobre los productos o servicios que el usuario ha visitado, comprado y\/o utilizado en una p\u00e1gina espec\u00edfica de la Web. Asimismo, permiten limitar el n\u00famero de veces que se muestra un anuncio, de tal modo que el usuario no vea el mismo anuncio una y otra vez. Tambi\u00e9n se utilizan dichas cookies para medir el rendimiento de las campa\u00f1as publicitarias de negocios que utilizan los servicios de Facebook.<\/p>\n<p>En el siguiente enlace se puede encontrar m\u00e1s informaci\u00f3n sobre el uso que Facebook realiza de las cookies de Facebook Custom Audience:<\/p>\n<p><a href=\"https:\/\/www.facebook.com\/privacy\/explanation\">https:\/\/www.facebook.com\/privacy\/explanation<\/a><\/p>\n<p><strong>b.3. De redes sociales: <\/strong><\/p>\n<p>De plugins sociales (Facebook, YouTube, Twitter, LinkedIn, Instagram, Google+, Pinterest, etc.) que realizan seguimiento de la actividad de los usuarios de la Web.<\/p>\n<p>De redes sociales: Cookies de redes sociales externas: que se utilizan para que los visitantes puedan interactuar con el contenido de diferentes plataformas sociales (Facebook, YouTube, Twitter, LinkedIn, Instagram, Pinterest, etc.) y que se generan \u00fanicamente para los usuarios de dichas redes sociales. Las condiciones de utilizaci\u00f3n de estas cookies y la informaci\u00f3n recopilada se regulan por la pol\u00edtica de privacidad de la plataforma social correspondiente.<\/p>\n<p>M\u00e1s informaci\u00f3n:<\/p>\n<p><a href=\"https:\/\/www.facebook.com\/help\/cookies\/\">https:\/\/www.facebook.com\/help\/cookies\/<\/a><\/p>\n<p><a href=\"https:\/\/www.google.com\/intl\/es_es\/policies\/technologies\/types\/\">https:\/\/www.google.com\/intl\/es_es\/policies\/technologies\/types\/<\/a><\/p>\n<p><a href=\"https:\/\/support.twitter.com\/articles\/20170521-el-uso-que-hace-twitter-de-cookies-y-tecnologias-similares\">https:\/\/support.twitter.com\/articles\/20170521-el-uso-que-hace-twitter-de-cookies-y-tecnologias-similares#<\/a><\/p>\n<p><strong>b.4. Del widget de Zendesk: <\/strong>que se utilizan para el \u201clive chat\u201d (chat en vivo) para dar soporte y resolver dudas de forma directa a los clientes. Instala cookies para identificar al usuario y su dispositivo y conocer sus preferencias en cuanto al uso del m\u00f3dulo interno de Zopim, as\u00ed como para conocer la preferencia del usuario para desactivar el \u201clive chat\u201d, y cesar el uso de cookies. Se puede obtener m\u00e1s informaci\u00f3n de la pol\u00edtica de cookies de Zopim en el siguiente enlace:\u00a0<a href=\"https:\/\/www.zendesk.com\/company\/customers-partners\/#cookie-policy\">https:\/\/www.zendesk.com\/company\/customers-partners\/#cookie-policy<\/a><\/p>\n<ol start=\"3\">\n<li><strong> Informaci\u00f3n sobre c\u00f3mo bloquear las cookies, como desactivarlas y\/o bloquearlas:<\/strong> El usuario podr\u00e1 -en cualquier momento- gestionar el uso de cookies a trav\u00e9s del navegador instalado en su terminal. En los enlaces siguientes puede encontrarse informaci\u00f3n sobre qu\u00e9 cookies tiene el usuario instaladas en su navegador, permitir su instalaci\u00f3n, bloquearlas o eliminarlas de su equipo:<\/li>\n<\/ol>\n<p>Chrome, desde:\u00a0<a href=\"http:\/\/support.google.com\/chrome\/bin\/answer.py?hl=es&amp;answer=95647\">http:\/\/support.google.com\/chrome\/bin\/answer.py?hl=es&amp;answer=95647<\/a><\/p>\n<p>Explorer, desde:\u00a0<a href=\"http:\/\/windows.microsoft.com\/es-es\/windows7\/how-to-manage-cookies-in-internet-explorer-9\">http:\/\/windows.microsoft.com\/es-es\/windows7\/how-to-manage-cookies-in-internet-explorer-9<\/a><\/p>\n<p>Firefox, desde:\u00a0<a href=\"http:\/\/support.mozilla.org\/es\/kb\/habilitar-y-deshabilitar-cookies-que-los-sitios-we\">http:\/\/support.mozilla.org\/es\/kb\/habilitar-y-deshabilitar-cookies-que-los-sitios-we<\/a><\/p>\n<p>Safari, desde: <a href=\"http:\/\/support.apple.com\/kb\/ph5042\">http:\/\/support.apple.com\/kb\/ph5042<\/a><\/p>\n<p>Opera, desde: <a href=\"http:\/\/help.opera.com\/Windows\/11.50\/es-ES\/cookies.html\">http:\/\/help.opera.com\/Windows\/11.50\/es-ES\/cookies.html<\/a><\/p>\n<p>Existen herramientas de terceros, disponibles on line, que permiten a los usuarios detectar las cookies en cada sitio web que visita y gestionar su desactivaci\u00f3n.<\/p>\n<p>Los navegadores web son las herramientas encargadas de almacenar las cookies y desde este lugar el usuario puede ejercitar su derecho a eliminaci\u00f3n o desactivaci\u00f3n de las mismas. Ni esta web ni sus representantes legales pueden garantizar la correcta o incorrecta manipulaci\u00f3n de las cookies por parte de los mencionados navegadores.<\/p>\n<p>En algunos casos es necesario instalar cookies para que el navegador no olvide la decisi\u00f3n del usuario de no aceptaci\u00f3n de las mismas.<\/p>\n<p>La aceptaci\u00f3n de la presente pol\u00edtica de cookies implica que el usuario ha sido informado de una forma clara y completa sobre el uso de dispositivos de almacenamiento y recuperaci\u00f3n de datos (cookies) as\u00ed como que ENLAZALIA dispone del consentimiento del usuario para el uso de las mismas tal y como establece el art\u00edculo 22 de la Ley 34\/2002, de 11 de julio, de Servicios de la Sociedad de la Informaci\u00f3n y Comercio Electr\u00f3nico (LSSI-CE).<\/p>\n<p>Para cualquier duda o consulta acerca de esta pol\u00edtica de cookies no dudes en comunicarte con nosotros a trav\u00e9s de la direcci\u00f3n de correo electr\u00f3nico <a href=\"mailto:hola@enlazalia.com\">hola@enlazalia.com<\/a><\/p>\n<p>&nbsp;<\/p>\n<p><strong>\u00daLTIMA ACTUALIZACI\u00d3N: 5 de septiembre de 2017<\/strong><\/p>\n<p>Las modificaciones de las pol\u00edticas, t\u00e9rminos y condiciones pueden deberse a modificaciones legislativas o con la finalidad de adaptar dicha pol\u00edtica a las instrucciones dictadas por la Agencia Espa\u00f1ola de Protecci\u00f3n de Datos, as\u00ed como cuando se produzcan cambios en los acuerdos con terceros que instalen o utilicen cookies a trav\u00e9s del Sitio Web.<\/p>\n<p>&nbsp;<\/p>\n","protected":false},"excerpt":{"rendered":"<p>Pol\u00edtica de Cookies &nbsp; Pol\u00edtica de cookies de \u00a0https:\/\/enlazalia.com\/blog\/ &nbsp; Datos identificativos del titular del Sitio Web: La presente pol\u00edtica de cookies viene a complementar la pol\u00edtica de privacidad\u00a0del Sitio Web https:\/\/enlazalia.com\/blog\/ (en adelante, la Web o el Sitio Web, indictintamente), titularidad de Miguel \u00c1ngel L\u00f3pez P\u00e9rez, con D.N.I.\/N.I.F. 74.002.662-R, y direcci\u00f3n postal en Calle&hellip;<\/p>\n","protected":false},"author":1,"featured_media":0,"parent":0,"menu_order":0,"comment_status":"closed","ping_status":"closed","template":"","meta":{"spay_email":""},"yoast_head":"<!-- This site is optimized with the Yoast SEO plugin v16.4 - https:\/\/yoast.com\/wordpress\/plugins\/seo\/ -->\n<title>Pol\u00edtica de Cookies - Enlazalia<\/title>\n<meta name=\"robots\" content=\"noindex, follow\" \/>\n<meta property=\"og:locale\" content=\"es_ES\" \/>\n<meta property=\"og:type\" content=\"article\" \/>\n<meta property=\"og:title\" content=\"Pol\u00edtica de Cookies - Enlazalia\" \/>\n<meta property=\"og:description\" content=\"Pol\u00edtica de Cookies &nbsp; Pol\u00edtica de cookies de \u00a0https:\/\/enlazalia.com\/blog\/ &nbsp; Datos identificativos del titular del Sitio Web: La presente pol\u00edtica de cookies viene a complementar la pol\u00edtica de privacidad\u00a0del Sitio Web https:\/\/enlazalia.com\/blog\/ (en adelante, la Web o el Sitio Web, indictintamente), titularidad de Miguel \u00c1ngel L\u00f3pez P\u00e9rez, con D.N.I.\/N.I.F. 74.002.662-R, y direcci\u00f3n postal en Calle&hellip;\" \/>\n<meta property=\"og:url\" content=\"https:\/\/enlazalia.com\/blog\/politica-cookies\/\" \/>\n<meta property=\"og:site_name\" content=\"Enlazalia\" \/>\n<meta property=\"article:modified_time\" content=\"2017-09-01T19:21:50+00:00\" \/>\n<meta name=\"twitter:card\" content=\"summary\" \/>\n<meta name=\"twitter:label1\" content=\"Tiempo de lectura\" \/>\n\t<meta name=\"twitter:data1\" content=\"10 minutos\" \/>\n<script type=\"application\/ld+json\" class=\"yoast-schema-graph\">{\"@context\":\"https:\/\/schema.org\",\"@graph\":[{\"@type\":\"WebSite\",\"@id\":\"https:\/\/enlazalia.com\/blog\/#website\",\"url\":\"https:\/\/enlazalia.com\/blog\/\",\"name\":\"Enlazalia\",\"description\":\"\",\"potentialAction\":[{\"@type\":\"SearchAction\",\"target\":\"https:\/\/enlazalia.com\/blog\/?s={search_term_string}\",\"query-input\":\"required name=search_term_string\"}],\"inLanguage\":\"es\"},{\"@type\":\"WebPage\",\"@id\":\"https:\/\/enlazalia.com\/blog\/politica-cookies\/#webpage\",\"url\":\"https:\/\/enlazalia.com\/blog\/politica-cookies\/\",\"name\":\"Pol\\u00edtica de Cookies - Enlazalia\",\"isPartOf\":{\"@id\":\"https:\/\/enlazalia.com\/blog\/#website\"},\"datePublished\":\"2017-09-01T18:30:58+00:00\",\"dateModified\":\"2017-09-01T19:21:50+00:00\",\"breadcrumb\":{\"@id\":\"https:\/\/enlazalia.com\/blog\/politica-cookies\/#breadcrumb\"},\"inLanguage\":\"es\",\"potentialAction\":[{\"@type\":\"ReadAction\",\"target\":[\"https:\/\/enlazalia.com\/blog\/politica-cookies\/\"]}]},{\"@type\":\"BreadcrumbList\",\"@id\":\"https:\/\/enlazalia.com\/blog\/politica-cookies\/#breadcrumb\",\"itemListElement\":[{\"@type\":\"ListItem\",\"position\":1,\"item\":{\"@type\":\"WebPage\",\"@id\":\"https:\/\/enlazalia.com\/blog\/\",\"url\":\"https:\/\/enlazalia.com\/blog\/\",\"name\":\"Portada\"}},{\"@type\":\"ListItem\",\"position\":2,\"item\":{\"@id\":\"https:\/\/enlazalia.com\/blog\/politica-cookies\/#webpage\"}}]}]}<\/script>\n<!-- \/ Yoast SEO plugin. -->","jetpack_sharing_enabled":true,"jetpack_shortlink":"https:\/\/wp.me\/P8RjTh-3b","jetpack-related-posts":[{"id":201,"url":"https:\/\/enlazalia.com\/blog\/politica-privacidad\/","url_meta":{"origin":197,"position":0},"title":"Pol\u00edtica de Privacidad","date":"1 septiembre, 2017","format":false,"excerpt":"Pol\u00edtica de Privacidad Pol\u00edtica de Privacidad de la web https:\/\/enlazalia.com\/blog\/ 1.- RESPONSABLE DEL TRATAMIENTO: Por responsable de tratamiento se entiende la persona f\u00edsica o jur\u00eddica que sola o conjuntamente con otra, determine los fines y medios del tratamiento. El responsable del tratamiento de los datos recabados a trav\u00e9s del sitio\u2026","rel":"","context":"Entrada similar","img":{"alt_text":"","src":"","width":0,"height":0},"classes":[]},{"id":213,"url":"https:\/\/enlazalia.com\/blog\/terminos-de-uso\/","url_meta":{"origin":197,"position":1},"title":"T\u00e9rminos de Uso","date":"1 septiembre, 2017","format":false,"excerpt":"T\u00e9rminos de uso T\u00e9rminos de uso de https:\/\/enlazalia.com\/blog\/ Informaci\u00f3n general: El titular del dominio y de la p\u00e1gina web https:\/\/enlazalia.com\/blog\/ , as\u00ed como de todos los subdominios y directorios incluidos en la misma (en adelante, conjuntamente denominados como la \u201cWeb\u201d o el \u201cSitio Web\u201d, indistintamente), es Miguel \u00c1ngel L\u00f3pez P\u00e9rez,\u2026","rel":"","context":"Entrada similar","img":{"alt_text":"","src":"","width":0,"height":0},"classes":[]},{"id":743,"url":"https:\/\/enlazalia.com\/blog\/contacto\/","url_meta":{"origin":197,"position":2},"title":"Contacto","date":"25 mayo, 2018","format":false,"excerpt":"Direcci\u00f3n Calle Manuel Soler, 4 03440 - Ibi (Alicante) E-mail hola@enlazalia.com Horario Los enlaces no tienen horario. Haz el pedido y rel\u00e1jate. WhatsApp 601 76 48 82 Enviar Mensaje \u00bfTe podemos ayudar en algo? Enlazalia te informa que los datos de car\u00e1cter personal que nos proporciones rellenando el presente formulario\u2026","rel":"","context":"Entrada similar","img":{"alt_text":"","src":"","width":0,"height":0},"classes":[]},{"id":216,"url":"https:\/\/enlazalia.com\/blog\/condiciones-contratacion\/","url_meta":{"origin":197,"position":3},"title":"Condiciones de Contrataci\u00f3n","date":"1 septiembre, 2017","format":false,"excerpt":"Condiciones de contrataci\u00f3n Condiciones de contrataci\u00f3n de https:\/\/enlazalia.com\/blog\/ PRIMERA.- Partes del contrato: Las partes del contrato son: De una parte, Miguel \u00c1ngel L\u00f3pez P\u00e9rez, con D.N.I.\/N.I.F. 74.002.662-R, y direcci\u00f3n en C\/ Manuel Soler, 4, 03440 - Ibi (Alicante), con correo electr\u00f3nico de contacto: hola@enlazalia.com (en adelante, ENLAZALIA) en tanto que\u2026","rel":"","context":"Entrada similar","img":{"alt_text":"","src":"","width":0,"height":0},"classes":[]},{"id":7,"url":"https:\/\/enlazalia.com\/blog\/inicio\/","url_meta":{"origin":197,"position":4},"title":"Inicio","date":"6 junio, 2017","format":false,"excerpt":"Comprar enlaces nunca fue tan f\u00e1cil Servicio de Linkbuilding Con Enlazalia conseguir\u00e1s comprar enlaces de calidad y ahorrar horas y horas de trabajo en la creaci\u00f3n de esos\u00a0enlaces naturales\u00a0que todo proyecto necesita. Todo el mundo se centra en comprar\u00a0enlaces en peri\u00f3dicos y blogs de mucha autoridad, pero se olvidan de\u2026","rel":"","context":"Entrada similar","img":{"alt_text":"","src":"https:\/\/i0.wp.com\/enlazalia.com\/blog\/wp-content\/uploads\/2018\/05\/community-manager-Valencia.jpg?resize=350%2C200&ssl=1","width":350,"height":200},"classes":[]},{"id":857,"url":"https:\/\/enlazalia.com\/blog\/colibris\/","url_meta":{"origin":197,"position":5},"title":"colibris","date":"3 enero, 2019","format":false,"excerpt":"Pack 45 Enlaces -\u00a0119.95\u20ac + IVA Acepto las condiciones de contrataci\u00f3n y la pol\u00edtica de privacidad Pa\u00eds Espa\u00f1a Islas canarias Fuera de Espa\u00f1a Situaci\u00f3n Empresa\/Aut\u00f3nomo Particular","rel":"","context":"Entrada similar","img":{"alt_text":"","src":"","width":0,"height":0},"classes":[]}],"_links":{"self":[{"href":"https:\/\/enlazalia.com\/blog\/wp-json\/wp\/v2\/pages\/197"}],"collection":[{"href":"https:\/\/enlazalia.com\/blog\/wp-json\/wp\/v2\/pages"}],"about":[{"href":"https:\/\/enlazalia.com\/blog\/wp-json\/wp\/v2\/types\/page"}],"author":[{"embeddable":true,"href":"https:\/\/enlazalia.com\/blog\/wp-json\/wp\/v2\/users\/1"}],"replies":[{"embeddable":true,"href":"https:\/\/enlazalia.com\/blog\/wp-json\/wp\/v2\/comments?post=197"}],"version-history":[{"count":0,"href":"https:\/\/enlazalia.com\/blog\/wp-json\/wp\/v2\/pages\/197\/revisions"}],"wp:attachment":[{"href":"https:\/\/enlazalia.com\/blog\/wp-json\/wp\/v2\/media?parent=197"}],"curies":[{"name":"wp","href":"https:\/\/api.w.org\/{rel}","templated":true}]}}